
{"id":886,"date":"2018-11-19T20:39:48","date_gmt":"2018-11-19T20:39:48","guid":{"rendered":"https:\/\/wss-osnabrueck.de\/?page_id=886"},"modified":"2018-11-19T20:42:58","modified_gmt":"2018-11-19T20:42:58","slug":"datenschutz-extern","status":"publish","type":"page","link":"https:\/\/wss-osnabrueck.de\/?page_id=886","title":{"rendered":"Datenschutz Extern"},"content":{"rendered":"<div class=\"flex_column av_two_third  flex_column_div av-zero-column-padding first  \" style='border-radius:0px; '><section class=\"av_textblock_section \"  itemscope=\"itemscope\" itemtype=\"https:\/\/schema.org\/CreativeWork\" ><div class='avia_textblock  '   itemprop=\"text\" ><div class=\"row row-telschercanvas row-telschercanvas-left\">\n<div class=\"col-xs-12 col-sm-8\">\n<div class=\"row\">\n<div class=\"col-xs-12 col-sm-12\">\n<h3>Unsere Beratung umfasst<\/h3>\n<\/div>\n<div class=\"col-xs-12 col-sm-12\">\n<ul>\n<li>Bestellung zum externen Datenschutzbeauftragten<\/li>\n<li>Datenschutzgrundverordnung (DSGVO)<\/li>\n<li>Verfahrensverzeichnis<\/li>\n<li>Datenschutzanspruch der Mitarbeiter<\/li>\n<li>Bu\u00dfgelder bei Datenschutzverst\u00f6\u00dfen<\/li>\n<li>BDSG-Neu<\/li>\n<li>Technisch-Organisatorische Ma\u00dfnahmen (TOM)<\/li>\n<li>Risikoanalyse<\/li>\n<li>Auftragsdatenverarbeitung<\/li>\n<\/ul>\n<h3>Dienstleistungen<\/h3>\n<ul>\n<li>Einsatz als externer Datenschutzbeauftragter<\/li>\n<li>Audits zur Pr\u00fcfung des bestehenden Datenschutzniveaus<\/li>\n<li>Erstellung der erforderlichen Datenschutzdokumentation<\/li>\n<li>Unterbreitung von Empfehlungen zur Verbesserung des Datenschutzniveaus<\/li>\n<li>Erstellung von Vorlagen und Mustern<\/li>\n<li>Schulung von Mitarbeitern und Datenschutzbeauftragten<\/li>\n<li>Analyse von Prozessen zur Verarbeitung personenbezogener Daten<\/li>\n<\/ul>\n<h3>Mandanten<\/h3>\n<ul>\n<li>Arbeitgeber<\/li>\n<li>Unternehmer (\u00fcber und unter 10 Mitarbeitern)<\/li>\n<li>Arztpraxen<\/li>\n<li>Freiberufler<\/li>\n<li>Datenschutzbeauftragte<\/li>\n<\/ul>\n<\/div>\n<\/div>\n<\/div>\n<\/div>\n<\/div><\/section><\/div>\n<div class=\"flex_column av_one_fourth  flex_column_div av-zero-column-padding   \" style='border-radius:0px; '><section class='avia-team-member  '  itemscope=\"itemscope\" itemtype=\"https:\/\/schema.org\/Person\" ><div class='team-img-container'><img class='avia_image avia_image_team' src='https:\/\/wss-osnabrueck.de\/wp-content\/uploads\/2018\/04\/schimmi_links_klein-300x150.jpg' alt='Tobias Schimm\u00f6ller'  itemprop=\"image\"  \/><div class='team-social'><div class='team-social-inner'><span class='hidden av_member_url_markup '  itemprop=\"url\" >https:\/\/wss-osnabrueck.de\/berufstraeger\/tobias-schimmoeller<\/span><a rel='v:url' data-avia-tooltip=\"weitere Informationen\"  class=' avia-team-icon ' href='https:\/\/wss-osnabrueck.de\/berufstraeger\/tobias-schimmoeller' aria-hidden='true' data-av_icon='\ue879' data-av_iconfont='entypo-fontello'><\/a><span class='hidden av_member_url_markup '  itemprop=\"email\" >mailto:schimmoeller@wss-osnabrueck.de<\/span><a rel='v:url' data-avia-tooltip=\"E-Mail schreiben\"  class=' avia-team-icon ' href='mailto:schimmoeller@wss-osnabrueck.de' aria-hidden='true' data-av_icon='\ue805' data-av_iconfont='entypo-fontello'><\/a><\/div><\/div><\/div><h3 class='team-member-name'   itemprop=\"name\" >Tobias Schimm\u00f6ller<\/h3><div class='team-member-job-title '   itemprop=\"jobTitle\" >Rechtsanwalt und Notar<\/div><span class='hidden team-member-affiliation'  itemprop=\"affiliation\" >Welp | Schimm\u00f6ller | Strau\u00df<\/span><\/section><\/div>\n","protected":false},"excerpt":{"rendered":"","protected":false},"author":5,"featured_media":0,"parent":17,"menu_order":0,"comment_status":"closed","ping_status":"closed","template":"","meta":{"footnotes":""},"class_list":["post-886","page","type-page","status-publish","hentry"],"_links":{"self":[{"href":"https:\/\/wss-osnabrueck.de\/index.php?rest_route=\/wp\/v2\/pages\/886","targetHints":{"allow":["GET"]}}],"collection":[{"href":"https:\/\/wss-osnabrueck.de\/index.php?rest_route=\/wp\/v2\/pages"}],"about":[{"href":"https:\/\/wss-osnabrueck.de\/index.php?rest_route=\/wp\/v2\/types\/page"}],"author":[{"embeddable":true,"href":"https:\/\/wss-osnabrueck.de\/index.php?rest_route=\/wp\/v2\/users\/5"}],"replies":[{"embeddable":true,"href":"https:\/\/wss-osnabrueck.de\/index.php?rest_route=%2Fwp%2Fv2%2Fcomments&post=886"}],"version-history":[{"count":3,"href":"https:\/\/wss-osnabrueck.de\/index.php?rest_route=\/wp\/v2\/pages\/886\/revisions"}],"predecessor-version":[{"id":1549,"href":"https:\/\/wss-osnabrueck.de\/index.php?rest_route=\/wp\/v2\/pages\/886\/revisions\/1549"}],"up":[{"embeddable":true,"href":"https:\/\/wss-osnabrueck.de\/index.php?rest_route=\/wp\/v2\/pages\/17"}],"wp:attachment":[{"href":"https:\/\/wss-osnabrueck.de\/index.php?rest_route=%2Fwp%2Fv2%2Fmedia&parent=886"}],"curies":[{"name":"wp","href":"https:\/\/api.w.org\/{rel}","templated":true}]}}