
{"id":244,"date":"2018-04-17T18:35:58","date_gmt":"2018-04-17T18:35:58","guid":{"rendered":"https:\/\/wss-osnabrueck.de\/?page_id=244"},"modified":"2019-05-19T19:52:37","modified_gmt":"2019-05-19T19:52:37","slug":"handels-und-gesellschaftsrecht","status":"publish","type":"page","link":"https:\/\/wss-osnabrueck.de\/?page_id=244","title":{"rendered":"Handels- und Gesellschaftsrecht"},"content":{"rendered":"<div class=\"flex_column av_three_fourth  flex_column_div av-zero-column-padding first  \" style='border-radius:0px; '><section class=\"av_textblock_section \"  itemscope=\"itemscope\" itemtype=\"https:\/\/schema.org\/CreativeWork\" ><div class='avia_textblock  '   itemprop=\"text\" ><div class=\"row row-telschercanvas row-telschercanvas-left\">\n<div class=\"col-xs-12 col-sm-8\">\n<div class=\"row\">\n<div class=\"col-xs-12 col-sm-12\">\n<h3>Handels- und Gesellschaftsrecht<\/h3>\n<h3><\/h3>\n<h3>Unsere Beratung umfasst<\/h3>\n<ul>\n<li>Firmenbezeichnung<\/li>\n<li>Gesellschaften mit beschr\u00e4nkter Haftung, Unternehmergesellschaften<\/li>\n<li>Beschlussfassung innerhalb der Gesellschaft<\/li>\n<li>Gsellschaftsvertr\u00e4ge und -satzungen<\/li>\n<li>Errichtung von Gesellschaften<\/li>\n<li>Ausschlie\u00dfung von Gesellschaftern<\/li>\n<li>Erbfolge in Unternehmen, Nachfolgeregelungen<\/li>\n<li>Liquidation<\/li>\n<li>Handelsregisterrecht<\/li>\n<li>Handelsrecht und Handelsbr\u00e4uche<\/li>\n<li>Kommanditgesellschaften<\/li>\n<li>Beteiligungen, stille Teilhaberschaften, Treuhand<\/li>\n<li>Handelsvertreterrecht<\/li>\n<\/ul>\n<h3>Dienstleistungen<\/h3>\n<ul>\n<li>\u00dcberpr\u00fcfung\/ Beratung bei der Erstellung\/ Verwendung von Gesellschaftsvertr\u00e4gen<\/li>\n<li>Beratung bei der Erstellung von AGB, Liefervertr\u00e4gen<\/li>\n<li>Durchsetzung von Gesellschafterrechten<\/li>\n<li>Entwurf von Gesch\u00e4ftsordnungen<\/li>\n<li>Begleitung bei Gesellschafterversammlungen<\/li>\n<li>Beschlussanfechtung bei fehlerhafter Beschlussfassung<\/li>\n<li>Aufnahme von neuen und Ausscheiden von alten Gesellschaftern<\/li>\n<li>Begleitung bei Schlichtungs- und Mediationsverfahren<\/li>\n<\/ul>\n<h3>Unsere Mandanten<\/h3>\n<ul>\n<li>Gr\u00fcnder<\/li>\n<li>Gesellschafter<\/li>\n<li>Firmeninhaber und Unternehmer<\/li>\n<li>Handelsvertrer<\/li>\n<li>Gl\u00e4ubiger<\/li>\n<\/ul>\n<\/div>\n<\/div>\n<\/div>\n<\/div>\n<\/div><\/section><\/div>\n<div class=\"flex_column av_one_fourth  flex_column_div av-zero-column-padding   \" style='border-radius:0px; '><p><section class='avia-team-member  '  itemscope=\"itemscope\" itemtype=\"https:\/\/schema.org\/Person\" ><div class='team-img-container'><img class='avia_image avia_image_team' src='https:\/\/wss-osnabrueck.de\/wp-content\/uploads\/2018\/05\/welp_links-300x150.jpg' alt='Hans-Adolf Welp'  itemprop=\"image\"  \/><div class='team-social'><div class='team-social-inner'><span class='hidden av_member_url_markup '  itemprop=\"url\" >https:\/\/wss-osnabrueck.de\/berufstraeger\/tobias-schimmoeller<\/span><a rel='v:url' data-avia-tooltip=\"weitere Informationen\"  class=' avia-team-icon ' href='https:\/\/wss-osnabrueck.de\/berufstraeger\/tobias-schimmoeller' aria-hidden='true' data-av_icon='\ue879' data-av_iconfont='entypo-fontello'><\/a><span class='hidden av_member_url_markup '  itemprop=\"email\" >mailto:schimmoeller@wss-osnabrueck.de<\/span><a rel='v:url' data-avia-tooltip=\"E-Mail schreiben\"  class=' avia-team-icon ' href='mailto:schimmoeller@wss-osnabrueck.de' aria-hidden='true' data-av_icon='\ue805' data-av_iconfont='entypo-fontello'><\/a><\/div><\/div><\/div><h3 class='team-member-name'   itemprop=\"name\" >Hans-Adolf Welp<\/h3><div class='team-member-job-title '   itemprop=\"jobTitle\" >Rechtsanwalt und Notar<\/div><span class='hidden team-member-affiliation'  itemprop=\"affiliation\" >Welp | Schimm\u00f6ller | Strau\u00df<\/span><\/section><br \/>\n<section class='avia-team-member  '  itemscope=\"itemscope\" itemtype=\"https:\/\/schema.org\/Person\" ><div class='team-img-container'><img class='avia_image avia_image_team' src='https:\/\/wss-osnabrueck.de\/wp-content\/uploads\/2018\/04\/schimmi_links_klein-300x150.jpg' alt='Tobias Schimm\u00f6ller'  itemprop=\"image\"  \/><div class='team-social'><div class='team-social-inner'><span class='hidden av_member_url_markup '  itemprop=\"url\" >https:\/\/wss-osnabrueck.de\/berufstraeger\/tobias-schimmoeller<\/span><a rel='v:url' data-avia-tooltip=\"weitere Informationen\"  class=' avia-team-icon ' href='https:\/\/wss-osnabrueck.de\/berufstraeger\/tobias-schimmoeller' aria-hidden='true' data-av_icon='\ue879' data-av_iconfont='entypo-fontello'><\/a><span class='hidden av_member_url_markup '  itemprop=\"email\" >mailto:schimmoeller@wss-osnabrueck.de<\/span><a rel='v:url' data-avia-tooltip=\"E-Mail schreiben\"  class=' avia-team-icon ' href='mailto:schimmoeller@wss-osnabrueck.de' aria-hidden='true' data-av_icon='\ue805' data-av_iconfont='entypo-fontello'><\/a><\/div><\/div><\/div><h3 class='team-member-name'   itemprop=\"name\" >Tobias Schimm\u00f6ller<\/h3><div class='team-member-job-title '   itemprop=\"jobTitle\" >Rechtsanwalt und Notar<\/div><span class='hidden team-member-affiliation'  itemprop=\"affiliation\" >Welp | Schimm\u00f6ller | Strau\u00df<\/span><\/section><br \/>\n<section class='avia-team-member  '  itemscope=\"itemscope\" itemtype=\"https:\/\/schema.org\/Person\" ><div class='team-img-container'><img class='avia_image avia_image_team' src='https:\/\/wss-osnabrueck.de\/wp-content\/uploads\/2018\/04\/taphorn_links-web-300x150.jpg' alt='Anja Taphorn'  itemprop=\"image\"  \/><div class='team-social'><div class='team-social-inner'><span class='hidden av_member_url_markup '  itemprop=\"url\" >https:\/\/wss-osnabrueck.de\/team\/anja-taphorn\/<\/span><a rel='v:url' data-avia-tooltip=\"Weitere Informationen\"  class=' avia-team-icon ' href='https:\/\/wss-osnabrueck.de\/team\/anja-taphorn\/' aria-hidden='true' data-av_icon='\ue879' data-av_iconfont='entypo-fontello'><\/a><span class='hidden av_member_url_markup '  itemprop=\"email\" >mailto:taphorn@wss-osnabrueck.de<\/span><a rel='v:url' data-avia-tooltip=\"E-Mail schreiben\"  class=' avia-team-icon ' href='mailto:taphorn@wss-osnabrueck.de' aria-hidden='true' data-av_icon='\ue805' data-av_iconfont='entypo-fontello'><\/a><\/div><\/div><\/div><h3 class='team-member-name'   itemprop=\"name\" >Anja Taphorn<\/h3><div class='team-member-job-title '   itemprop=\"jobTitle\" >Rechtsanw\u00e4ltin und Notarin<\/div><span class='hidden team-member-affiliation'  itemprop=\"affiliation\" >Welp | Schimm\u00f6ller | Strau\u00df<\/span><\/section><\/p><\/div>\n<div class=\"flex_column av_one_full  flex_column_div av-zero-column-padding first  \" style='border-radius:0px; '><div  data-autoplay=''  data-interval='5'  data-animation='fade'  data-show_slide_delay='90'  class='avia-content-slider avia-content-grid-active avia-content-slider1 avia-content-slider-odd  '  itemscope=\"itemscope\" itemtype=\"https:\/\/schema.org\/Blog\" ><div class='avia-content-slider-inner'><div class='slide-entry-wrap'><article class='slide-entry flex_column  post-entry post-entry-1778 slide-entry-overview slide-loop-1 slide-parity-odd  av_one_third first real-thumbnail'  itemscope=\"itemscope\" itemtype=\"https:\/\/schema.org\/BlogPosting\" itemprop=\"blogPost\" ><a href='https:\/\/wss-osnabrueck.de\/?p=1778' data-rel='slide-1' class='slide-image' title=''><img loading=\"lazy\" decoding=\"async\" width=\"495\" height=\"400\" src=\"https:\/\/wss-osnabrueck.de\/wp-content\/uploads\/2018\/05\/schimmi_mitte-495x400.jpg\" class=\"attachment-portfolio size-portfolio wp-post-image\" alt=\"Rechtsanwalt Tobias Schimm\u00f6ller\" srcset=\"https:\/\/wss-osnabrueck.de\/wp-content\/uploads\/2018\/05\/schimmi_mitte-495x400.jpg 495w, https:\/\/wss-osnabrueck.de\/wp-content\/uploads\/2018\/05\/schimmi_mitte-845x684.jpg 845w\" sizes=\"auto, (max-width: 495px) 100vw, 495px\" \/><\/a><div class='slide-content'><header class=\"entry-content-header\"><h3 class='slide-entry-title entry-title'  itemprop=\"headline\" ><a href='https:\/\/wss-osnabrueck.de\/?p=1778' title='Grunderwerbsteuerpflicht bei Verl\u00e4ngerung eines Erbbaurechts'>Grunderwerbsteuerpflicht bei Verl\u00e4ngerung eines Erbbaurechts<\/a><\/h3><span class=\"av-vertical-delimiter\"><\/span><\/header><div class='slide-meta'><time class='slide-meta-time updated'  itemprop=\"datePublished\" datetime=\"2024-05-30T11:49:12+00:00\" >30. Mai 2024<\/time><\/div><div class='slide-entry-excerpt entry-content'  itemprop=\"text\" >Das FG D\u00fcsseldorf hat mit Urteil vom 30.11.2023 \u2013 11 K 2195\/21\u2026<div class=\"read-more-link\"><a href=\"https:\/\/wss-osnabrueck.de\/?p=1778\" class=\"more-link\">Weiterlesen<span class=\"more-link-arrow\"><\/span><\/a><\/div><\/div><\/div><footer class=\"entry-footer\"><\/footer><span class='hidden'>\n\t\t\t<span class='av-structured-data'  itemprop=\"ImageObject\" itemscope=\"itemscope\" itemtype=\"https:\/\/schema.org\/ImageObject\"  itemprop='image'>\n\t\t\t\t\t   <span itemprop='url' >https:\/\/wss-osnabrueck.de\/wp-content\/uploads\/2018\/05\/schimmi_mitte.jpg<\/span>\n\t\t\t\t\t   <span itemprop='height' >2420<\/span>\n\t\t\t\t\t   <span itemprop='width' >4839<\/span>\n\t\t\t\t  <\/span><span class='av-structured-data'  itemprop=\"publisher\" itemtype=\"https:\/\/schema.org\/Organization\" itemscope=\"itemscope\" >\n\t\t\t\t<span itemprop='name'>Tobias Schimm\u00f6ller<\/span>\n\t\t\t\t<span itemprop='logo' itemscope itemtype='http:\/\/schema.org\/ImageObject'>\n\t\t\t\t   <span itemprop='url'>https:\/\/wss-osnabrueck.de\/wp-content\/uploads\/2018\/07\/Logo-wss-2-trans-kleinst-5-300x53.gif<\/span>\n\t\t\t\t <\/span>\n\t\t\t  <\/span><span class='av-structured-data'  itemprop=\"author\" itemscope=\"itemscope\" itemtype=\"https:\/\/schema.org\/Person\" ><span itemprop='name'>Tobias Schimm\u00f6ller<\/span><\/span><span class='av-structured-data'  itemprop=\"datePublished\" datetime=\"2019-05-19T20:11:54+00:00\" >2024-05-30 11:49:12<\/span><span class='av-structured-data'  itemprop=\"dateModified\" itemtype=\"https:\/\/schema.org\/dateModified\" >2024-05-31 18:38:15<\/span><span class='av-structured-data'  itemprop=\"mainEntityOfPage\" itemtype=\"https:\/\/schema.org\/mainEntityOfPage\" ><span itemprop='name'>Grunderwerbsteuerpflicht bei Verl\u00e4ngerung eines Erbbaurechts<\/span><\/span><\/span><\/article><article class='slide-entry flex_column  post-entry post-entry-1721 slide-entry-overview slide-loop-2 slide-parity-even  av_one_third  real-thumbnail'  itemscope=\"itemscope\" itemtype=\"https:\/\/schema.org\/BlogPosting\" itemprop=\"blogPost\" ><a href='https:\/\/wss-osnabrueck.de\/?p=1721' data-rel='slide-1' class='slide-image' title=''><img loading=\"lazy\" decoding=\"async\" width=\"495\" height=\"400\" src=\"https:\/\/wss-osnabrueck.de\/wp-content\/uploads\/2018\/05\/schimmi_mitte-495x400.jpg\" class=\"attachment-portfolio size-portfolio wp-post-image\" alt=\"Rechtsanwalt Tobias Schimm\u00f6ller\" srcset=\"https:\/\/wss-osnabrueck.de\/wp-content\/uploads\/2018\/05\/schimmi_mitte-495x400.jpg 495w, https:\/\/wss-osnabrueck.de\/wp-content\/uploads\/2018\/05\/schimmi_mitte-845x684.jpg 845w\" sizes=\"auto, (max-width: 495px) 100vw, 495px\" \/><\/a><div class='slide-content'><header class=\"entry-content-header\"><h3 class='slide-entry-title entry-title'  itemprop=\"headline\" ><a href='https:\/\/wss-osnabrueck.de\/?p=1721' title='Wann ist die Gesellschaft b\u00fcrgerlichen Rechts (GbR) einzutragen?'>Wann ist die Gesellschaft b\u00fcrgerlichen Rechts (GbR) einzutragen?<\/a><\/h3><span class=\"av-vertical-delimiter\"><\/span><\/header><div class='slide-meta'><time class='slide-meta-time updated'  itemprop=\"datePublished\" datetime=\"2024-01-07T16:13:08+00:00\" >7. Januar 2024<\/time><\/div><div class='slide-entry-excerpt entry-content'  itemprop=\"text\" >Zum 1. Januar 2024 treten wichtige gesetzliche Neuerungen f\u00fcr\u2026<div class=\"read-more-link\"><a href=\"https:\/\/wss-osnabrueck.de\/?p=1721\" class=\"more-link\">Weiterlesen<span class=\"more-link-arrow\"><\/span><\/a><\/div><\/div><\/div><footer class=\"entry-footer\"><\/footer><span class='hidden'>\n\t\t\t<span class='av-structured-data'  itemprop=\"ImageObject\" itemscope=\"itemscope\" itemtype=\"https:\/\/schema.org\/ImageObject\"  itemprop='image'>\n\t\t\t\t\t   <span itemprop='url' >https:\/\/wss-osnabrueck.de\/wp-content\/uploads\/2018\/05\/schimmi_mitte.jpg<\/span>\n\t\t\t\t\t   <span itemprop='height' >2420<\/span>\n\t\t\t\t\t   <span itemprop='width' >4839<\/span>\n\t\t\t\t  <\/span><span class='av-structured-data'  itemprop=\"publisher\" itemtype=\"https:\/\/schema.org\/Organization\" itemscope=\"itemscope\" >\n\t\t\t\t<span itemprop='name'>Tobias Schimm\u00f6ller<\/span>\n\t\t\t\t<span itemprop='logo' itemscope itemtype='http:\/\/schema.org\/ImageObject'>\n\t\t\t\t   <span itemprop='url'>https:\/\/wss-osnabrueck.de\/wp-content\/uploads\/2018\/07\/Logo-wss-2-trans-kleinst-5-300x53.gif<\/span>\n\t\t\t\t <\/span>\n\t\t\t  <\/span><span class='av-structured-data'  itemprop=\"author\" itemscope=\"itemscope\" itemtype=\"https:\/\/schema.org\/Person\" ><span itemprop='name'>Tobias Schimm\u00f6ller<\/span><\/span><span class='av-structured-data'  itemprop=\"datePublished\" datetime=\"2019-05-19T20:11:54+00:00\" >2024-01-07 16:13:08<\/span><span class='av-structured-data'  itemprop=\"dateModified\" itemtype=\"https:\/\/schema.org\/dateModified\" >2024-01-07 16:20:05<\/span><span class='av-structured-data'  itemprop=\"mainEntityOfPage\" itemtype=\"https:\/\/schema.org\/mainEntityOfPage\" ><span itemprop='name'>Wann ist die Gesellschaft b\u00fcrgerlichen Rechts (GbR) einzutragen?<\/span><\/span><\/span><\/article><article class='slide-entry flex_column  post-entry post-entry-1223 slide-entry-overview slide-loop-3 slide-parity-odd  post-entry-last  av_one_third  real-thumbnail'  itemscope=\"itemscope\" itemtype=\"https:\/\/schema.org\/BlogPosting\" itemprop=\"blogPost\" ><a href='https:\/\/wss-osnabrueck.de\/?p=1223' data-rel='slide-1' class='slide-image' title=''><img loading=\"lazy\" decoding=\"async\" width=\"301\" height=\"301\" src=\"https:\/\/wss-osnabrueck.de\/wp-content\/uploads\/2018\/11\/logo.jpg\" class=\"attachment-portfolio size-portfolio wp-post-image\" alt=\"\" srcset=\"https:\/\/wss-osnabrueck.de\/wp-content\/uploads\/2018\/11\/logo.jpg 301w, https:\/\/wss-osnabrueck.de\/wp-content\/uploads\/2018\/11\/logo-150x150.jpg 150w, https:\/\/wss-osnabrueck.de\/wp-content\/uploads\/2018\/11\/logo-300x300.jpg 300w, https:\/\/wss-osnabrueck.de\/wp-content\/uploads\/2018\/11\/logo-36x36.jpg 36w, https:\/\/wss-osnabrueck.de\/wp-content\/uploads\/2018\/11\/logo-180x180.jpg 180w, https:\/\/wss-osnabrueck.de\/wp-content\/uploads\/2018\/11\/logo-120x120.jpg 120w\" sizes=\"auto, (max-width: 301px) 100vw, 301px\" \/><\/a><div class='slide-content'><header class=\"entry-content-header\"><h3 class='slide-entry-title entry-title'  itemprop=\"headline\" ><a href='https:\/\/wss-osnabrueck.de\/?p=1223' title='Call-Option eines Nichtgesellschafters verst\u00f6\u00dft nicht gegen Hinausk\u00fcndungsverbot'>Call-Option eines Nichtgesellschafters verst\u00f6\u00dft nicht gegen Hinausk\u00fcndungsverbot<\/a><\/h3><span class=\"av-vertical-delimiter\"><\/span><\/header><div class='slide-meta'><time class='slide-meta-time updated'  itemprop=\"datePublished\" datetime=\"2019-05-19T20:11:54+00:00\" >19. Mai 2019<\/time><\/div><div class='slide-entry-excerpt entry-content'  itemprop=\"text\" >Im GmbH- und Personengesellschaftsrecht gilt das sog. Hinausk\u00fcndigungsverbot:\u2026<div class=\"read-more-link\"><a href=\"https:\/\/wss-osnabrueck.de\/?p=1223\" class=\"more-link\">Weiterlesen<span class=\"more-link-arrow\"><\/span><\/a><\/div><\/div><\/div><footer class=\"entry-footer\"><\/footer><span class='hidden'>\n\t\t\t<span class='av-structured-data'  itemprop=\"ImageObject\" itemscope=\"itemscope\" itemtype=\"https:\/\/schema.org\/ImageObject\"  itemprop='image'>\n\t\t\t\t\t   <span itemprop='url' >https:\/\/wss-osnabrueck.de\/wp-content\/uploads\/2018\/11\/logo.jpg<\/span>\n\t\t\t\t\t   <span itemprop='height' >301<\/span>\n\t\t\t\t\t   <span itemprop='width' >301<\/span>\n\t\t\t\t  <\/span><span class='av-structured-data'  itemprop=\"publisher\" itemtype=\"https:\/\/schema.org\/Organization\" itemscope=\"itemscope\" >\n\t\t\t\t<span itemprop='name'>Tobias Schimm\u00f6ller<\/span>\n\t\t\t\t<span itemprop='logo' itemscope itemtype='http:\/\/schema.org\/ImageObject'>\n\t\t\t\t   <span itemprop='url'>https:\/\/wss-osnabrueck.de\/wp-content\/uploads\/2018\/07\/Logo-wss-2-trans-kleinst-5-300x53.gif<\/span>\n\t\t\t\t <\/span>\n\t\t\t  <\/span><span class='av-structured-data'  itemprop=\"author\" itemscope=\"itemscope\" itemtype=\"https:\/\/schema.org\/Person\" ><span itemprop='name'>Tobias Schimm\u00f6ller<\/span><\/span><span class='av-structured-data'  itemprop=\"datePublished\" datetime=\"2019-05-19T20:11:54+00:00\" >2019-05-19 20:11:54<\/span><span class='av-structured-data'  itemprop=\"dateModified\" itemtype=\"https:\/\/schema.org\/dateModified\" >2020-05-01 21:20:28<\/span><span class='av-structured-data'  itemprop=\"mainEntityOfPage\" itemtype=\"https:\/\/schema.org\/mainEntityOfPage\" ><span itemprop='name'>Call-Option eines Nichtgesellschafters verst\u00f6\u00dft nicht gegen Hinausk\u00fcndungsverbot<\/span><\/span><\/span><\/article><\/div><\/div><div class='pagination-wrap pagination-slider'><nav class='pagination'><span class='pagination-meta'>Seite 1 von 3<\/span><span class='current'>1<\/span><a href='https:\/\/wss-osnabrueck.de\/index.php?rest_route=%2Fwp%2Fv2%2Fpages%2F244&#038;paged=2' class='inactive' >2<\/a><a href='https:\/\/wss-osnabrueck.de\/index.php?rest_route=%2Fwp%2Fv2%2Fpages%2F244&#038;paged=3' class='inactive' >3<\/a><\/nav>\n<\/div><\/div><\/div>\n","protected":false},"excerpt":{"rendered":"","protected":false},"author":2,"featured_media":0,"parent":17,"menu_order":0,"comment_status":"closed","ping_status":"closed","template":"","meta":{"footnotes":""},"class_list":["post-244","page","type-page","status-publish","hentry"],"_links":{"self":[{"href":"https:\/\/wss-osnabrueck.de\/index.php?rest_route=\/wp\/v2\/pages\/244","targetHints":{"allow":["GET"]}}],"collection":[{"href":"https:\/\/wss-osnabrueck.de\/index.php?rest_route=\/wp\/v2\/pages"}],"about":[{"href":"https:\/\/wss-osnabrueck.de\/index.php?rest_route=\/wp\/v2\/types\/page"}],"author":[{"embeddable":true,"href":"https:\/\/wss-osnabrueck.de\/index.php?rest_route=\/wp\/v2\/users\/2"}],"replies":[{"embeddable":true,"href":"https:\/\/wss-osnabrueck.de\/index.php?rest_route=%2Fwp%2Fv2%2Fcomments&post=244"}],"version-history":[{"count":4,"href":"https:\/\/wss-osnabrueck.de\/index.php?rest_route=\/wp\/v2\/pages\/244\/revisions"}],"predecessor-version":[{"id":1221,"href":"https:\/\/wss-osnabrueck.de\/index.php?rest_route=\/wp\/v2\/pages\/244\/revisions\/1221"}],"up":[{"embeddable":true,"href":"https:\/\/wss-osnabrueck.de\/index.php?rest_route=\/wp\/v2\/pages\/17"}],"wp:attachment":[{"href":"https:\/\/wss-osnabrueck.de\/index.php?rest_route=%2Fwp%2Fv2%2Fmedia&parent=244"}],"curies":[{"name":"wp","href":"https:\/\/api.w.org\/{rel}","templated":true}]}}