
{"id":16,"date":"2018-03-28T10:53:28","date_gmt":"2018-03-28T10:53:28","guid":{"rendered":"https:\/\/wss-osnabrueck.de\/?page_id=16"},"modified":"2025-10-05T20:16:05","modified_gmt":"2025-10-05T20:16:05","slug":"notare","status":"publish","type":"page","link":"https:\/\/wss-osnabrueck.de\/?page_id=16","title":{"rendered":"Notare"},"content":{"rendered":"<\/div><\/div><\/div><!-- close content main div --><\/div><\/div><div id='full_slider_1' class='avia-fullwidth-slider main_color avia-shadow   container_wrap fullsize'   ><div  data-size='featured'  data-lightbox_size='large'  data-animation='slide'  data-ids='1833'  data-video_counter='0'  data-autoplay='false'  data-bg_slider='false'  data-slide_height=''  data-handle='av_slideshow_full'  data-interval='5'  data-class=' '  data-css_id=''  data-scroll_down=''  data-control_layout='av-control-default'  data-custom_markup=''  data-perma_caption=''  data-autoplay_stopper=''  data-image_attachment=''  data-min_height='0px'  data-src=''  data-position='top left'  data-repeat='no-repeat'  data-attach='scroll'  data-stretch=''  data-default-height='28.666666666667'  class='avia-slideshow avia-slideshow-1  av-control-default av-default-height-applied avia-slideshow-featured av_slideshow_full   avia-slide-slider '  itemprop=\"ImageObject\" itemscope=\"itemscope\" itemtype=\"https:\/\/schema.org\/ImageObject\" ><ul class='avia-slideshow-inner' style='padding-bottom: 28.666666666667%;'><li  class=' av-single-slide slide-1 ' ><div data-rel='slideshow-1' class='avia-slide-wrap'  ><img src='https:\/\/wss-osnabrueck.de\/wp-content\/uploads\/2025\/01\/beurkunden_wss-1500x430.jpg' width='1500' height='430' title='beurkunden_wss' alt=''  itemprop=\"thumbnailUrl\"   \/><\/div><\/li><\/ul><\/div><\/div>\n<div class=\"flex_column av_one_third  flex_column_div av-zero-column-padding first  \" style='border-radius:0px; '><section class=\"av_textblock_section \"  itemscope=\"itemscope\" itemtype=\"https:\/\/schema.org\/CreativeWork\" ><div class='avia_textblock  '   itemprop=\"text\" ><p class=\"p1\">Unsere Notare Tobias Schimm\u00f6ller und Anja Taphorn sind ausgewiesene Experten. Notar Schimm\u00f6ller ist spezialisiert auf Immobilientransaktionen (\u00dcbertragung von Immobiliengesellschaften und Grundst\u00fccken) und die Gestaltung von Gesellschaftsstrukturen. Notarin Anja Taphorn hat neben dem Immobilienrecht ihren Schwerpunkt auf das Erb- und Familienrecht gelegt.<\/p>\n<p class=\"p1\">A<span class=\"ILfuVd\"><span class=\"e24Kjd\">ufgabe der Notare ist die Kl\u00e4rung des Sachverhalts, d.h. die Ermittlung der Ziele und W\u00fcnsche der Beteiligten und die Gestaltung der passenden Urkunde. Als unparteiischer Berater betreuen sie die B\u00fcrger bei schwierigen und folgenreichen Rechtsgesch\u00e4ften. Wir Notare entwerfen Vertr\u00e4ge, Satzungen und andere Willenserkl\u00e4rungen.<\/span><\/span><\/p>\n<p>Unsere Beurkundungszeiten: Mo-Fr 09:00 Uhr bis 18:00 Uhr<br \/>\nUnsere Telefonzeiten: Mo-Fr 09:00 Uhr bis 12:30 und Mo, Di, Do 14:30 Uhr bis 17:00 Uhr<\/p>\n<\/div><\/section><\/div>\n<div class=\"flex_column av_one_third  flex_column_div av-zero-column-padding   \" style='border-radius:0px; '><p><article class=\"iconbox iconbox_left    \"  itemscope=\"itemscope\" itemtype=\"https:\/\/schema.org\/CreativeWork\" ><div class=\"iconbox_content\"><header class=\"entry-content-header\"><a href='https:\/\/wss-osnabrueck.de\/wp-content\/uploads\/2025\/07\/Fragebogen_Immobilienkauf_2025.pdf' title='Fragebogen Immobilienkauf'  target=\"_blank\"  class=\"iconbox_icon heading-color \" aria-hidden='true' data-av_icon='\ue84b' data-av_iconfont='entypo-fontello'  ><\/a><h3 class='iconbox_content_title '  itemprop=\"headline\"  ><a href='https:\/\/wss-osnabrueck.de\/wp-content\/uploads\/2025\/07\/Fragebogen_Immobilienkauf_2025.pdf' title='Fragebogen Immobilienkauf'  target=\"_blank\" >Fragebogen Immobilienkauf<\/a><\/h3><\/header><div class='iconbox_content_container  '  itemprop=\"text\"  ><\/div><\/div><footer class=\"entry-footer\"><\/footer><\/article><br \/>\n<article class=\"iconbox iconbox_left    \"  itemscope=\"itemscope\" itemtype=\"https:\/\/schema.org\/CreativeWork\" ><div class=\"iconbox_content\"><header class=\"entry-content-header\"><a href='https:\/\/wss-osnabrueck.de\/wp-content\/uploads\/2025\/07\/Fragebogen-Uebertragungsvertrag_2025_1-1.pdf' title='Fragebogen Immobilienschenkung'  target=\"_blank\"  class=\"iconbox_icon heading-color \" aria-hidden='true' data-av_icon='\ue84b' data-av_iconfont='entypo-fontello'  ><\/a><h3 class='iconbox_content_title '  itemprop=\"headline\"  ><a href='https:\/\/wss-osnabrueck.de\/wp-content\/uploads\/2025\/07\/Fragebogen-Uebertragungsvertrag_2025_1-1.pdf' title='Fragebogen Immobilienschenkung'  target=\"_blank\" >Fragebogen Immobilienschenkung<\/a><\/h3><\/header><div class='iconbox_content_container  '  itemprop=\"text\"  ><\/div><\/div><footer class=\"entry-footer\"><\/footer><\/article><br \/>\n<article class=\"iconbox iconbox_left    \"  itemscope=\"itemscope\" itemtype=\"https:\/\/schema.org\/CreativeWork\" ><div class=\"iconbox_content\"><header class=\"entry-content-header\"><a href='https:\/\/wss-osnabrueck.de\/wp-content\/uploads\/2024\/05\/Fragebogen_GmbH-Gruendung_WSS_2024.pdf' title='Fragebogen GmbH\/UG-Gr\u00fcndung'  target=\"_blank\"  class=\"iconbox_icon heading-color \" aria-hidden='true' data-av_icon='\ue84b' data-av_iconfont='entypo-fontello'  ><\/a><h3 class='iconbox_content_title '  itemprop=\"headline\"  ><a href='https:\/\/wss-osnabrueck.de\/wp-content\/uploads\/2024\/05\/Fragebogen_GmbH-Gruendung_WSS_2024.pdf' title='Fragebogen GmbH\/UG-Gr\u00fcndung'  target=\"_blank\" >Fragebogen GmbH\/UG-Gr\u00fcndung<\/a><\/h3><\/header><div class='iconbox_content_container  '  itemprop=\"text\"  ><\/div><\/div><footer class=\"entry-footer\"><\/footer><\/article><br \/>\n<article class=\"iconbox iconbox_left    \"  itemscope=\"itemscope\" itemtype=\"https:\/\/schema.org\/CreativeWork\" ><div class=\"iconbox_content\"><header class=\"entry-content-header\"><a href='https:\/\/wss-osnabrueck.de\/wp-content\/uploads\/2021\/09\/Fragebogen-wirtschaftlich-Berechtigte.pdf' title='Fragebogen zum wirtschaftlich Berechtigten '  target=\"_blank\"  class=\"iconbox_icon heading-color \" aria-hidden='true' data-av_icon='\ue84b' data-av_iconfont='entypo-fontello'  ><\/a><h3 class='iconbox_content_title '  itemprop=\"headline\"  ><a href='https:\/\/wss-osnabrueck.de\/wp-content\/uploads\/2021\/09\/Fragebogen-wirtschaftlich-Berechtigte.pdf' title='Fragebogen zum wirtschaftlich Berechtigten '  target=\"_blank\" >Fragebogen zum wirtschaftlich Berechtigten <\/a><\/h3><\/header><div class='iconbox_content_container  '  itemprop=\"text\"  ><\/div><\/div><footer class=\"entry-footer\"><\/footer><\/article><br \/>\n<div style='height:20px' class='hr hr-invisible  '><span class='hr-inner ' ><span class='hr-inner-style'><\/span><\/span><\/div><\/p><\/div>\n<div class=\"flex_column av_one_third  flex_column_div av-zero-column-padding   \" style='border-radius:0px; '><p><article class=\"iconbox iconbox_left    \"  itemscope=\"itemscope\" itemtype=\"https:\/\/schema.org\/CreativeWork\" ><div class=\"iconbox_content\"><header class=\"entry-content-header\"><a href='https:\/\/wss-osnabrueck.de\/wp-content\/uploads\/2024\/05\/Fragebogen_Testament_WSS_2024.pdf' title='Fragebogen Testament'  target=\"_blank\"  class=\"iconbox_icon heading-color \" aria-hidden='true' data-av_icon='\ue84b' data-av_iconfont='entypo-fontello'  ><\/a><h3 class='iconbox_content_title '  itemprop=\"headline\"  ><a href='https:\/\/wss-osnabrueck.de\/wp-content\/uploads\/2024\/05\/Fragebogen_Testament_WSS_2024.pdf' title='Fragebogen Testament'  target=\"_blank\" >Fragebogen Testament<\/a><\/h3><\/header><div class='iconbox_content_container  '  itemprop=\"text\"  ><\/div><\/div><footer class=\"entry-footer\"><\/footer><\/article><br \/>\n<article class=\"iconbox iconbox_left    \"  itemscope=\"itemscope\" itemtype=\"https:\/\/schema.org\/CreativeWork\" ><div class=\"iconbox_content\"><header class=\"entry-content-header\"><a href='https:\/\/wss-osnabrueck.de\/wp-content\/uploads\/2025\/07\/Fragebogen-Ehevertrag-2025-1.pdf' title='Fragebogen Ehevertrag'  target=\"_blank\"  class=\"iconbox_icon heading-color \" aria-hidden='true' data-av_icon='\ue84b' data-av_iconfont='entypo-fontello'  ><\/a><h3 class='iconbox_content_title '  itemprop=\"headline\"  ><a href='https:\/\/wss-osnabrueck.de\/wp-content\/uploads\/2025\/07\/Fragebogen-Ehevertrag-2025-1.pdf' title='Fragebogen Ehevertrag'  target=\"_blank\" >Fragebogen Ehevertrag<\/a><\/h3><\/header><div class='iconbox_content_container  '  itemprop=\"text\"  ><\/div><\/div><footer class=\"entry-footer\"><\/footer><\/article><br \/>\n<article class=\"iconbox iconbox_left    \"  itemscope=\"itemscope\" itemtype=\"https:\/\/schema.org\/CreativeWork\" ><div class=\"iconbox_content\"><header class=\"entry-content-header\"><a href='https:\/\/wss-osnabrueck.de\/wp-content\/uploads\/2025\/07\/FragebogenErbscheinsantrag2025.pdf' title='Fragebogen Erbschein'  target=\"_blank\"  class=\"iconbox_icon heading-color \" aria-hidden='true' data-av_icon='\ue84b' data-av_iconfont='entypo-fontello'  ><\/a><h3 class='iconbox_content_title '  itemprop=\"headline\"  ><a href='https:\/\/wss-osnabrueck.de\/wp-content\/uploads\/2025\/07\/FragebogenErbscheinsantrag2025.pdf' title='Fragebogen Erbschein'  target=\"_blank\" >Fragebogen Erbschein<\/a><\/h3><\/header><div class='iconbox_content_container  '  itemprop=\"text\"  ><\/div><\/div><footer class=\"entry-footer\"><\/footer><\/article><br \/>\n<div style='height:20px' class='hr hr-invisible  '><span class='hr-inner ' ><span class='hr-inner-style'><\/span><\/span><\/div><br \/>\n<article class=\"iconbox iconbox_left    \"  itemscope=\"itemscope\" itemtype=\"https:\/\/schema.org\/CreativeWork\" ><div class=\"iconbox_content\"><header class=\"entry-content-header\"><a href='http:\/\/grundbuch.rechner.handelsblatt.com\/rechner2\/handelsblatt2' title='Notarkostenrechner'  target=\"_blank\"  class=\"iconbox_icon heading-color \" aria-hidden='true' data-av_icon='\ue8ac' data-av_iconfont='entypo-fontello'  ><\/a><h3 class='iconbox_content_title '  itemprop=\"headline\"  ><a href='http:\/\/grundbuch.rechner.handelsblatt.com\/rechner2\/handelsblatt2' title='Notarkostenrechner'  target=\"_blank\" >Notarkostenrechner<\/a><\/h3><\/header><div class='iconbox_content_container  '  itemprop=\"text\"  ><\/div><\/div><footer class=\"entry-footer\"><\/footer><\/article><\/p><\/div>\n<div class=\"flex_column av_one_fourth  flex_column_div av-zero-column-padding first  \" style='border-radius:0px; '><article class=\"iconbox iconbox_left    \"  itemscope=\"itemscope\" itemtype=\"https:\/\/schema.org\/CreativeWork\" ><div class=\"iconbox_content\"><header class=\"entry-content-header\"><a href='https:\/\/wss-osnabrueck.de\/wp-content\/uploads\/2018\/07\/Bautraeger.pdf' title='Infoblatt Bautr\u00e4gervertr\u00e4ge'  target=\"_blank\"  class=\"iconbox_icon heading-color \" aria-hidden='true' data-av_icon='\ue81f' data-av_iconfont='entypo-fontello'  ><\/a><h3 class='iconbox_content_title '  itemprop=\"headline\"  ><a href='https:\/\/wss-osnabrueck.de\/wp-content\/uploads\/2018\/07\/Bautraeger.pdf' title='Infoblatt Bautr\u00e4gervertr\u00e4ge'  target=\"_blank\" >Infoblatt Bautr\u00e4gervertr\u00e4ge<\/a><\/h3><\/header><div class='iconbox_content_container  '  itemprop=\"text\"  ><\/div><\/div><footer class=\"entry-footer\"><\/footer><\/article><\/div>\n<div class=\"flex_column av_one_fourth  flex_column_div av-zero-column-padding   \" style='border-radius:0px; '><article class=\"iconbox iconbox_left    \"  itemscope=\"itemscope\" itemtype=\"https:\/\/schema.org\/CreativeWork\" ><div class=\"iconbox_content\"><header class=\"entry-content-header\"><a href='https:\/\/wss-osnabrueck.de\/wp-content\/uploads\/2018\/04\/Vererben-und-Verschenken.pdf' title='Infoblatt Vererben und Verschenken'  target=\"_blank\"  class=\"iconbox_icon heading-color \" aria-hidden='true' data-av_icon='\ue81f' data-av_iconfont='entypo-fontello'  ><\/a><h3 class='iconbox_content_title '  itemprop=\"headline\"  ><a href='https:\/\/wss-osnabrueck.de\/wp-content\/uploads\/2018\/04\/Vererben-und-Verschenken.pdf' title='Infoblatt Vererben und Verschenken'  target=\"_blank\" >Infoblatt Vererben und Verschenken<\/a><\/h3><\/header><div class='iconbox_content_container  '  itemprop=\"text\"  ><\/div><\/div><footer class=\"entry-footer\"><\/footer><\/article><\/div>\n<div class=\"flex_column av_one_fourth  flex_column_div av-zero-column-padding   \" style='border-radius:0px; '><article class=\"iconbox iconbox_left    \"  itemscope=\"itemscope\" itemtype=\"https:\/\/schema.org\/CreativeWork\" ><div class=\"iconbox_content\"><header class=\"entry-content-header\"><a href='https:\/\/wss-osnabrueck.de\/wp-content\/uploads\/2018\/04\/Vorsorgevollmacht.pdf' title='Infoblatt Vorsorgevollmacht'  target=\"_blank\"  class=\"iconbox_icon heading-color \" aria-hidden='true' data-av_icon='\ue81f' data-av_iconfont='entypo-fontello'  ><\/a><h3 class='iconbox_content_title '  itemprop=\"headline\"  ><a href='https:\/\/wss-osnabrueck.de\/wp-content\/uploads\/2018\/04\/Vorsorgevollmacht.pdf' title='Infoblatt Vorsorgevollmacht'  target=\"_blank\" >Infoblatt Vorsorgevollmacht<\/a><\/h3><\/header><div class='iconbox_content_container  '  itemprop=\"text\"  ><\/div><\/div><footer class=\"entry-footer\"><\/footer><\/article><\/div>\n<div class=\"flex_column av_one_fourth  flex_column_div av-zero-column-padding   \" style='border-radius:0px; '><article class=\"iconbox iconbox_left    \"  itemscope=\"itemscope\" itemtype=\"https:\/\/schema.org\/CreativeWork\" ><div class=\"iconbox_content\"><header class=\"entry-content-header\"><a href='https:\/\/wss-osnabrueck.de\/wp-content\/uploads\/2018\/04\/Erbbaurecht.pdf' title='Infoblatt Erbbaurecht'  target=\"_blank\"  class=\"iconbox_icon heading-color \" aria-hidden='true' data-av_icon='\ue81f' data-av_iconfont='entypo-fontello'  ><\/a><h3 class='iconbox_content_title '  itemprop=\"headline\"  ><a href='https:\/\/wss-osnabrueck.de\/wp-content\/uploads\/2018\/04\/Erbbaurecht.pdf' title='Infoblatt Erbbaurecht'  target=\"_blank\" >Infoblatt Erbbaurecht<\/a><\/h3><\/header><div class='iconbox_content_container  '  itemprop=\"text\"  ><\/div><\/div><footer class=\"entry-footer\"><\/footer><\/article><\/div>\n<div class=\"flex_column av_one_fourth  flex_column_div av-zero-column-padding first  \" style='border-radius:0px; '><article class=\"iconbox iconbox_left    \"  itemscope=\"itemscope\" itemtype=\"https:\/\/schema.org\/CreativeWork\" ><div class=\"iconbox_content\"><header class=\"entry-content-header\"><a href='https:\/\/wss-osnabrueck.de\/wp-content\/uploads\/2020\/05\/Infoblatt_WSS_Immobiliien_Erben-Verm\u00f6gen-Steuer.pdf' title='Infoblatt \u00dcbertragung von gro\u00dfen Verm\u00f6gen'  target=\"_blank\"  class=\"iconbox_icon heading-color \" aria-hidden='true' data-av_icon='\ue81f' data-av_iconfont='entypo-fontello'  ><\/a><h3 class='iconbox_content_title '  itemprop=\"headline\"  ><a href='https:\/\/wss-osnabrueck.de\/wp-content\/uploads\/2020\/05\/Infoblatt_WSS_Immobiliien_Erben-Verm\u00f6gen-Steuer.pdf' title='Infoblatt \u00dcbertragung von gro\u00dfen Verm\u00f6gen'  target=\"_blank\" >Infoblatt \u00dcbertragung von gro\u00dfen Verm\u00f6gen<\/a><\/h3><\/header><div class='iconbox_content_container  '  itemprop=\"text\"  ><\/div><\/div><footer class=\"entry-footer\"><\/footer><\/article><\/div>\n<div class=\"flex_column av_one_fourth  flex_column_div av-zero-column-padding   \" style='border-radius:0px; '><article class=\"iconbox iconbox_left    \"  itemscope=\"itemscope\" itemtype=\"https:\/\/schema.org\/CreativeWork\" ><div class=\"iconbox_content\"><header class=\"entry-content-header\"><a href='https:\/\/wss-osnabrueck.de\/wp-content\/uploads\/2024\/01\/Infoblatt_WSS_Immobiliien_Besitzuebergang.pdf' title='Infoblatt Besitz\u00fcbergang - Was ist bei der \u00dcbergabe zu beachten?'  target=\"_blank\"  class=\"iconbox_icon heading-color \" aria-hidden='true' data-av_icon='\ue81f' data-av_iconfont='entypo-fontello'  ><\/a><h3 class='iconbox_content_title '  itemprop=\"headline\"  ><a href='https:\/\/wss-osnabrueck.de\/wp-content\/uploads\/2024\/01\/Infoblatt_WSS_Immobiliien_Besitzuebergang.pdf' title='Infoblatt Besitz\u00fcbergang - Was ist bei der \u00dcbergabe zu beachten?'  target=\"_blank\" >Infoblatt Besitz\u00fcbergang - Was ist bei der \u00dcbergabe zu beachten?<\/a><\/h3><\/header><div class='iconbox_content_container  '  itemprop=\"text\"  ><\/div><\/div><footer class=\"entry-footer\"><\/footer><\/article><\/div>\n<div class=\"flex_column av_one_fourth  flex_column_div av-zero-column-padding   \" style='border-radius:0px; '><article class=\"iconbox iconbox_left    \"  itemscope=\"itemscope\" itemtype=\"https:\/\/schema.org\/CreativeWork\" ><div class=\"iconbox_content\"><header class=\"entry-content-header\"><a href='https:\/\/wss-osnabrueck.de\/wp-content\/uploads\/2025\/10\/Infoblatt_WSS_transmortale_Vollmacht_Alleinerbe.pdf' title='Infoblatt Transmortale Vollmacht'  target=\"_blank\"  class=\"iconbox_icon heading-color \" aria-hidden='true' data-av_icon='\ue81f' data-av_iconfont='entypo-fontello'  ><\/a><h3 class='iconbox_content_title '  itemprop=\"headline\"  ><a href='https:\/\/wss-osnabrueck.de\/wp-content\/uploads\/2025\/10\/Infoblatt_WSS_transmortale_Vollmacht_Alleinerbe.pdf' title='Infoblatt Transmortale Vollmacht'  target=\"_blank\" >Infoblatt Transmortale Vollmacht<\/a><\/h3><\/header><div class='iconbox_content_container  '  itemprop=\"text\"  ><\/div><\/div><footer class=\"entry-footer\"><\/footer><\/article><\/div><\/div><\/div><\/div><!-- close content main div --><\/div><\/div><div id='av_section_1' class='avia-section alternate_color avia-section-default avia-no-shadow avia-bg-style-scroll   container_wrap fullsize'   ><div class='container' ><div class='template-page content  av-content-full alpha units'><div class='post-entry post-entry-type-page post-entry-16'><div class='entry-content-wrapper clearfix'>\n<div style='padding-bottom:10px;' class='av-special-heading av-special-heading-h3     '><h3 class='av-special-heading-tag '  itemprop=\"headline\"  >Ihre Ansprechpartner<\/h3><div class='special-heading-border'><div class='special-heading-inner-border' ><\/div><\/div><\/div>\n<div class=\"flex_column av_one_third  flex_column_div av-zero-column-padding   \" style='border-radius:0px; '><section class='avia-team-member  '  itemscope=\"itemscope\" itemtype=\"https:\/\/schema.org\/Person\" ><div class='team-img-container'><img class='avia_image avia_image_team' src='https:\/\/wss-osnabrueck.de\/wp-content\/uploads\/2018\/04\/schimmi_links_klein-300x150.jpg' alt='Tobias Schimm\u00f6ller'  itemprop=\"image\"  \/><\/div><h3 class='team-member-name'   itemprop=\"name\" >Tobias Schimm\u00f6ller<\/h3><div class='team-member-job-title '   itemprop=\"jobTitle\" >Rechtsanwalt und Notar<\/div><span class='hidden team-member-affiliation'  itemprop=\"affiliation\" >Welp | Schimm\u00f6ller | Strau\u00df<\/span><\/section><\/div><div class=\"flex_column av_one_third  flex_column_div av-zero-column-padding   \" style='border-radius:0px; '><section class='avia-team-member  '  itemscope=\"itemscope\" itemtype=\"https:\/\/schema.org\/Person\" ><div class='team-img-container'><img class='avia_image avia_image_team' src='https:\/\/wss-osnabrueck.de\/wp-content\/uploads\/2018\/04\/taphorn_links_2-web-300x150.jpg' alt='Anja Taphorn'  itemprop=\"image\"  \/><\/div><h3 class='team-member-name'   itemprop=\"name\" >Anja Taphorn<\/h3><div class='team-member-job-title '   itemprop=\"jobTitle\" >Rechtsanw\u00e4ltin und Notarin<\/div><span class='hidden team-member-affiliation'  itemprop=\"affiliation\" >Welp | Schimm\u00f6ller | Strau\u00df<\/span><\/section><\/div>\n<\/p>\n<div style='text-align:left; ' class='av-rotator-container av-rotation-container-left  ' data-interval='5' data-animation='1'><h3 class='av-rotator-container-inner '>Ein paar wichtige Hinweise VOR der Beurkundung<span class='av-rotator-text av-rotator-multiline-off '>\n<span  class='av-rotator-text-single av-rotator-text-single-1'>Immobilienkaufvertrag<\/span>\n<a href='https:\/\/wss-osnabrueck.de\/?page_id=1245'    class='av-rotator-text-single av-rotator-text-single-2'>Gr\u00fcndung einer GmbH oder UG<\/a>\n<span  class='av-rotator-text-single av-rotator-text-single-3'>Testament<\/span>\n<\/span><\/h3><\/div>\n<div class=\"flex_column av_one_fifth  flex_column_div av-zero-column-padding first  \" style='border-radius:0px; '><div class='avia-button-wrap avia-button-center '><a href='https:\/\/wss-osnabrueck.de\/?page_id=1245' class='avia-button   avia-icon_select-no avia-color-theme-color-highlight avia-size-large avia-position-center '   ><span class='avia_iconbox_title' >Ablauf GmbH-Gr\u00fcndung<\/span><\/a><\/div><\/div>\n<div class=\"flex_column av_one_fifth  flex_column_div av-zero-column-padding   \" style='border-radius:0px; '><div class='avia-button-wrap avia-button-center '><a href='https:\/\/wss-osnabrueck.de\/?page_id=1919' class='avia-button   avia-icon_select-no avia-color-theme-color-highlight avia-size-large avia-position-center '   ><span class='avia_iconbox_title' >Verschenken von Immobilien - Pflegekassenregress<\/span><\/a><\/div><\/div>\n<div class=\"flex_column av_one_fifth  flex_column_div av-zero-column-padding   \" style='border-radius:0px; '><div class='avia-button-wrap avia-button-center '><a href='https:\/\/wss-osnabrueck.de\/?page_id=1924' class='avia-button   avia-icon_select-no avia-color-theme-color-highlight avia-size-large avia-position-center '   ><span class='avia_iconbox_title' >Erwerb von Wohnungseigentum<\/span><\/a><\/div><\/div>\n<div class=\"flex_column av_one_full  flex_column_div av-zero-column-padding first  \" style='border-radius:0px; '><section class=\"av_textblock_section \"  itemscope=\"itemscope\" itemtype=\"https:\/\/schema.org\/CreativeWork\" ><div class='avia_textblock  '   itemprop=\"text\" ><p>Unser Schwerpunkt in der notariellen T\u00e4tigkeit liegt bei <strong>Grundst\u00fccksvertr\u00e4gen<\/strong> und damit zusammenh\u00e4ngenden <strong>Urkundsgesch\u00e4ften<\/strong>. Dabei haben wir die Aufgabe, K\u00e4ufer wie Verk\u00e4ufer vor Fallstricken zu bewahren. Ob der Kauf einer Immobilie auch ein \u201egutes\u201c Gesch\u00e4ft ist, m\u00fcssen Verk\u00e4ufer und K\u00e4ufer selbst beurteilen.<\/p>\n<p>Als Notare garantieren wir beiden Seiten optimale und unparteiliche juristische Beratung. Wir besprechen mit Ihnen die Gestaltungsziele und informieren \u00fcber Regelungsm\u00f6glichkeiten.<\/p>\n<p class=\"p1\">Die Vereinbarungen setzen wir in einen &#8222;wasserdichten&#8220; Vertrag um, der ausf\u00fchrlich vor oder w\u00e4hrend der Beurkundung besprochen wird. Unser Bestreben besteht darin, die von vielen Mandanten als umst\u00e4ndlich und kompliziert empfundenen Vertragstexte verst\u00e4ndlich und nachvollziehbar zu erkl\u00e4ren.<\/p>\n<\/div><\/section><\/div>\n<\/div><\/div><\/div><!-- close content main div --><\/div><\/div><div id='av_section_2' class='avia-section alternate_color avia-section-default avia-no-shadow avia-bg-style-scroll   container_wrap fullsize'   ><div class='container' ><div class='template-page content  av-content-full alpha units'><div class='post-entry post-entry-type-page post-entry-16'><div class='entry-content-wrapper clearfix'>\n<div class='avia-data-table-wrap avia_responsive_table'><table class='avia-table avia-data-table avia-table-1  avia_pricing_default '  itemscope=\"itemscope\" itemtype=\"https:\/\/schema.org\/Table\" ><tbody><tr class=''><th class='avia-desc-col'>Immobilien<\/th><td class=''> Kauf<br \/>\nSchenkung<br \/>\nNie\u00dfbrauch<br \/>\nBestellung von Grundschulden<br \/>\n<\/td><\/tr><tr class=''><th class='avia-desc-col'>Ehe, Partnerschaft und Familie<\/th><td class=''> Ehevertrag<br \/>\nScheidungs- und Partnervertrag<br \/>\nAdoption<br \/>\n<\/td><\/tr><tr class=''><th class='avia-desc-col'>Erben und Verschenken<\/th><td class=''>Testament und<br \/>\nErbvertrag<br \/>\nErbscheinsantrag<br \/>\nNachlassverteilung<br \/>\nVorweggenommene Erbfolge<br \/>\nSchenkungsvertrag<br \/>\n<\/td><\/tr><tr class=''><th class='avia-desc-col'>Unternehmen<\/th><td class=''>Gr\u00fcndung oder<br \/>\nUmgestaltung einer Gesellschaft<br \/>\nAnteils\u00fcbertragung<br \/>\nHandelsregisteranmeldungen<br \/>\n<\/td><\/tr><tr class=''><th class='avia-desc-col'>Vollmachten<\/th><td class=''>Vorsorgevollmacht<br \/>\nPatientenverf\u00fcgung<br \/>\nBetreuungsverf\u00fcgung<br \/>\n<\/td><\/tr><tr class=''><th class='avia-desc-col'>Streitvermeidung, Schlichtung, Mediation<\/th><td class=''>Scheidungsvereinbarungen<br \/>\nNachlass Auseinandersetzung<br \/>\nvollstreckbare Urkunden zur Vermeidung von Gerichtsverfahren<br \/>\nSchlichtungs- und Schiedst\u00e4tigkeiten<\/td><\/tr><\/tbody><\/table><\/div><style type='text\/css'>.avia-table-1 td:nth-of-type(1):before { content: 'Immobilien'; } <\/style>\n\n\n","protected":false},"excerpt":{"rendered":"","protected":false},"author":1,"featured_media":0,"parent":0,"menu_order":0,"comment_status":"closed","ping_status":"closed","template":"","meta":{"footnotes":""},"class_list":["post-16","page","type-page","status-publish","hentry"],"_links":{"self":[{"href":"https:\/\/wss-osnabrueck.de\/index.php?rest_route=\/wp\/v2\/pages\/16","targetHints":{"allow":["GET"]}}],"collection":[{"href":"https:\/\/wss-osnabrueck.de\/index.php?rest_route=\/wp\/v2\/pages"}],"about":[{"href":"https:\/\/wss-osnabrueck.de\/index.php?rest_route=\/wp\/v2\/types\/page"}],"author":[{"embeddable":true,"href":"https:\/\/wss-osnabrueck.de\/index.php?rest_route=\/wp\/v2\/users\/1"}],"replies":[{"embeddable":true,"href":"https:\/\/wss-osnabrueck.de\/index.php?rest_route=%2Fwp%2Fv2%2Fcomments&post=16"}],"version-history":[{"count":65,"href":"https:\/\/wss-osnabrueck.de\/index.php?rest_route=\/wp\/v2\/pages\/16\/revisions"}],"predecessor-version":[{"id":1931,"href":"https:\/\/wss-osnabrueck.de\/index.php?rest_route=\/wp\/v2\/pages\/16\/revisions\/1931"}],"wp:attachment":[{"href":"https:\/\/wss-osnabrueck.de\/index.php?rest_route=%2Fwp%2Fv2%2Fmedia&parent=16"}],"curies":[{"name":"wp","href":"https:\/\/api.w.org\/{rel}","templated":true}]}}