
{"id":148,"date":"2018-04-17T10:18:44","date_gmt":"2018-04-17T10:18:44","guid":{"rendered":"https:\/\/wss-osnabrueck.de\/?page_id=148"},"modified":"2025-09-22T17:10:17","modified_gmt":"2025-09-22T17:10:17","slug":"kontakt","status":"publish","type":"page","link":"https:\/\/wss-osnabrueck.de\/?page_id=148","title":{"rendered":"Kontakt"},"content":{"rendered":"<div class=\"flex_column av_one_half  flex_column_div av-zero-column-padding first  \" style='border-radius:0px; '><div id='av_gmap_1' class='avia-google-map-container ' data-mapid='1' style='height: 400px;'><\/div><\/div>\n<div class=\"flex_column av_one_half  flex_column_div av-zero-column-padding   \" style='border-radius:0px; '><div id='av_gmap_2' class='avia-google-map-container ' data-mapid='2' style='height: 400px;'><\/div><\/div><div class=\"flex_column av_one_half  flex_column_div av-zero-column-padding first  \" style='border-radius:0px; '><section class=\"av_textblock_section \"  itemscope=\"itemscope\" itemtype=\"https:\/\/schema.org\/CreativeWork\" ><div class='avia_textblock  '   itemprop=\"text\" ><h3 style=\"text-align: center;\"><strong>B\u00fcro Osnabr\u00fcck:<\/strong><\/h3>\n<p style=\"text-align: center;\"><strong>Welp | Schimm\u00f6ller | Strau\u00df<\/strong><\/p>\n<p style=\"text-align: center;\">Schlo\u00dfstra\u00dfe 26<br \/>\n49074 Osnabr\u00fcck<br \/>\nTel.: 0541-9986890<br \/>\nFax: 0541-99868929<br \/>\ninfo@wss-osnabrueck.de<\/p>\n<\/div><\/section><\/div><\/p>\n<div class=\"flex_column av_one_half  flex_column_div av-zero-column-padding   \" style='border-radius:0px; '><section class=\"av_textblock_section \"  itemscope=\"itemscope\" itemtype=\"https:\/\/schema.org\/CreativeWork\" ><div class='avia_textblock  '   itemprop=\"text\" ><h3 style=\"text-align: center;\"><strong>B\u00fcro Georgsmarienh\u00fctte:<\/strong><\/h3>\n<p style=\"text-align: center;\"><strong>Welp | Schimm\u00f6ller | Strau\u00df<\/strong><\/p>\n<p style=\"text-align: center;\">Erzlager 6<br \/>\n49124 Georgsmarienh\u00fctte<br \/>\nTel.: 05401-849366-0<br \/>\nFax: 05401-849366-1<br \/>\ngmhuette@wss-osnabrueck.de<\/p>\n<\/div><\/section><\/div>\n","protected":false},"excerpt":{"rendered":"","protected":false},"author":2,"featured_media":0,"parent":0,"menu_order":0,"comment_status":"closed","ping_status":"closed","template":"","meta":[],"yoast_head":"<!-- This site is optimized with the Yoast SEO plugin v21.1 - https:\/\/yoast.com\/wordpress\/plugins\/seo\/ -->\n<title>Kontakt | Welp | Schimm\u00f6ller | Strau\u00df<\/title>\n<meta name=\"robots\" content=\"index, follow, max-snippet:-1, max-image-preview:large, max-video-preview:-1\" \/>\n<link rel=\"canonical\" href=\"https:\/\/wss-osnabrueck.de\/?page_id=148\" \/>\n<meta property=\"og:locale\" content=\"de_DE\" \/>\n<meta property=\"og:type\" content=\"article\" \/>\n<meta property=\"og:title\" content=\"Kontakt | Welp | Schimm\u00f6ller | Strau\u00df\" \/>\n<meta property=\"og:url\" content=\"https:\/\/wss-osnabrueck.de\/?page_id=148\" \/>\n<meta property=\"og:site_name\" content=\"Welp | Schimm\u00f6ller | Strau\u00df\" \/>\n<meta property=\"article:publisher\" content=\"https:\/\/de-de.facebook.com\/welpschimmoellerstrauss\/\" \/>\n<meta property=\"article:modified_time\" content=\"2025-09-22T17:10:17+00:00\" \/>\n<meta name=\"twitter:card\" content=\"summary_large_image\" \/>\n<meta name=\"twitter:label1\" content=\"Gesch\u00e4tzte Lesezeit\" \/>\n\t<meta name=\"twitter:data1\" content=\"1\u00a0Minute\" \/>\n<script type=\"application\/ld+json\" class=\"yoast-schema-graph\">{\"@context\":\"https:\/\/schema.org\",\"@graph\":[{\"@type\":\"WebPage\",\"@id\":\"https:\/\/wss-osnabrueck.de\/?page_id=148\",\"url\":\"https:\/\/wss-osnabrueck.de\/?page_id=148\",\"name\":\"Kontakt | Welp | Schimm\u00f6ller | Strau\u00df\",\"isPartOf\":{\"@id\":\"https:\/\/wss-osnabrueck.de\/#website\"},\"datePublished\":\"2018-04-17T10:18:44+00:00\",\"dateModified\":\"2025-09-22T17:10:17+00:00\",\"breadcrumb\":{\"@id\":\"https:\/\/wss-osnabrueck.de\/?page_id=148#breadcrumb\"},\"inLanguage\":\"de\",\"potentialAction\":[{\"@type\":\"ReadAction\",\"target\":[\"https:\/\/wss-osnabrueck.de\/?page_id=148\"]}]},{\"@type\":\"BreadcrumbList\",\"@id\":\"https:\/\/wss-osnabrueck.de\/?page_id=148#breadcrumb\",\"itemListElement\":[{\"@type\":\"ListItem\",\"position\":1,\"name\":\"Startseite\",\"item\":\"https:\/\/wss-osnabrueck.de\/?page_id=34\"},{\"@type\":\"ListItem\",\"position\":2,\"name\":\"Kontakt\"}]},{\"@type\":\"WebSite\",\"@id\":\"https:\/\/wss-osnabrueck.de\/#website\",\"url\":\"https:\/\/wss-osnabrueck.de\/\",\"name\":\"Welp | Schimm\u00f6ller | Strau\u00df\",\"description\":\"Rechtsanw\u00e4lte und Notare Hans-Adolf Welp, Tobias Schimm\u00f6ller, Anja Taphorn und Matthias Strau\u00df beraten auf ausgew\u00e4hlten Rechtsgebieten. Durchsetzungsstark und schnell\",\"publisher\":{\"@id\":\"https:\/\/wss-osnabrueck.de\/#organization\"},\"potentialAction\":[{\"@type\":\"SearchAction\",\"target\":{\"@type\":\"EntryPoint\",\"urlTemplate\":\"https:\/\/wss-osnabrueck.de\/?s={search_term_string}\"},\"query-input\":\"required name=search_term_string\"}],\"inLanguage\":\"de\"},{\"@type\":\"Organization\",\"@id\":\"https:\/\/wss-osnabrueck.de\/#organization\",\"name\":\"Welp | Schimm\u00f6ller | Strau\u00df - Rechtsanw\u00e4lte und Notare\",\"url\":\"https:\/\/wss-osnabrueck.de\/\",\"logo\":{\"@type\":\"ImageObject\",\"inLanguage\":\"de\",\"@id\":\"https:\/\/wss-osnabrueck.de\/#\/schema\/logo\/image\/\",\"url\":\"https:\/\/wss-osnabrueck.de\/wp-content\/uploads\/2018\/07\/Logo-wss-2-trans-kleinst-5.gif\",\"contentUrl\":\"https:\/\/wss-osnabrueck.de\/wp-content\/uploads\/2018\/07\/Logo-wss-2-trans-kleinst-5.gif\",\"width\":340,\"height\":60,\"caption\":\"Welp | Schimm\u00f6ller | Strau\u00df - Rechtsanw\u00e4lte und Notare\"},\"image\":{\"@id\":\"https:\/\/wss-osnabrueck.de\/#\/schema\/logo\/image\/\"},\"sameAs\":[\"https:\/\/de-de.facebook.com\/welpschimmoellerstrauss\/\"]}]}<\/script>\n<!-- \/ Yoast SEO plugin. -->","yoast_head_json":{"title":"Kontakt | Welp | Schimm\u00f6ller | Strau\u00df","robots":{"index":"index","follow":"follow","max-snippet":"max-snippet:-1","max-image-preview":"max-image-preview:large","max-video-preview":"max-video-preview:-1"},"canonical":"https:\/\/wss-osnabrueck.de\/?page_id=148","og_locale":"de_DE","og_type":"article","og_title":"Kontakt | Welp | Schimm\u00f6ller | Strau\u00df","og_url":"https:\/\/wss-osnabrueck.de\/?page_id=148","og_site_name":"Welp | Schimm\u00f6ller | Strau\u00df","article_publisher":"https:\/\/de-de.facebook.com\/welpschimmoellerstrauss\/","article_modified_time":"2025-09-22T17:10:17+00:00","twitter_card":"summary_large_image","twitter_misc":{"Gesch\u00e4tzte Lesezeit":"1\u00a0Minute"},"schema":{"@context":"https:\/\/schema.org","@graph":[{"@type":"WebPage","@id":"https:\/\/wss-osnabrueck.de\/?page_id=148","url":"https:\/\/wss-osnabrueck.de\/?page_id=148","name":"Kontakt | Welp | Schimm\u00f6ller | Strau\u00df","isPartOf":{"@id":"https:\/\/wss-osnabrueck.de\/#website"},"datePublished":"2018-04-17T10:18:44+00:00","dateModified":"2025-09-22T17:10:17+00:00","breadcrumb":{"@id":"https:\/\/wss-osnabrueck.de\/?page_id=148#breadcrumb"},"inLanguage":"de","potentialAction":[{"@type":"ReadAction","target":["https:\/\/wss-osnabrueck.de\/?page_id=148"]}]},{"@type":"BreadcrumbList","@id":"https:\/\/wss-osnabrueck.de\/?page_id=148#breadcrumb","itemListElement":[{"@type":"ListItem","position":1,"name":"Startseite","item":"https:\/\/wss-osnabrueck.de\/?page_id=34"},{"@type":"ListItem","position":2,"name":"Kontakt"}]},{"@type":"WebSite","@id":"https:\/\/wss-osnabrueck.de\/#website","url":"https:\/\/wss-osnabrueck.de\/","name":"Welp | Schimm\u00f6ller | Strau\u00df","description":"Rechtsanw\u00e4lte und Notare Hans-Adolf Welp, Tobias Schimm\u00f6ller, Anja Taphorn und Matthias Strau\u00df beraten auf ausgew\u00e4hlten Rechtsgebieten. Durchsetzungsstark und schnell","publisher":{"@id":"https:\/\/wss-osnabrueck.de\/#organization"},"potentialAction":[{"@type":"SearchAction","target":{"@type":"EntryPoint","urlTemplate":"https:\/\/wss-osnabrueck.de\/?s={search_term_string}"},"query-input":"required name=search_term_string"}],"inLanguage":"de"},{"@type":"Organization","@id":"https:\/\/wss-osnabrueck.de\/#organization","name":"Welp | Schimm\u00f6ller | Strau\u00df - Rechtsanw\u00e4lte und Notare","url":"https:\/\/wss-osnabrueck.de\/","logo":{"@type":"ImageObject","inLanguage":"de","@id":"https:\/\/wss-osnabrueck.de\/#\/schema\/logo\/image\/","url":"https:\/\/wss-osnabrueck.de\/wp-content\/uploads\/2018\/07\/Logo-wss-2-trans-kleinst-5.gif","contentUrl":"https:\/\/wss-osnabrueck.de\/wp-content\/uploads\/2018\/07\/Logo-wss-2-trans-kleinst-5.gif","width":340,"height":60,"caption":"Welp | Schimm\u00f6ller | Strau\u00df - Rechtsanw\u00e4lte und Notare"},"image":{"@id":"https:\/\/wss-osnabrueck.de\/#\/schema\/logo\/image\/"},"sameAs":["https:\/\/de-de.facebook.com\/welpschimmoellerstrauss\/"]}]}},"_links":{"self":[{"href":"https:\/\/wss-osnabrueck.de\/index.php?rest_route=\/wp\/v2\/pages\/148"}],"collection":[{"href":"https:\/\/wss-osnabrueck.de\/index.php?rest_route=\/wp\/v2\/pages"}],"about":[{"href":"https:\/\/wss-osnabrueck.de\/index.php?rest_route=\/wp\/v2\/types\/page"}],"author":[{"embeddable":true,"href":"https:\/\/wss-osnabrueck.de\/index.php?rest_route=\/wp\/v2\/users\/2"}],"replies":[{"embeddable":true,"href":"https:\/\/wss-osnabrueck.de\/index.php?rest_route=%2Fwp%2Fv2%2Fcomments&post=148"}],"version-history":[{"count":20,"href":"https:\/\/wss-osnabrueck.de\/index.php?rest_route=\/wp\/v2\/pages\/148\/revisions"}],"predecessor-version":[{"id":1903,"href":"https:\/\/wss-osnabrueck.de\/index.php?rest_route=\/wp\/v2\/pages\/148\/revisions\/1903"}],"wp:attachment":[{"href":"https:\/\/wss-osnabrueck.de\/index.php?rest_route=%2Fwp%2Fv2%2Fmedia&parent=148"}],"curies":[{"name":"wp","href":"https:\/\/api.w.org\/{rel}","templated":true}]}}