
{"id":129,"date":"2018-04-17T10:17:03","date_gmt":"2018-04-17T10:17:03","guid":{"rendered":"https:\/\/wss-osnabrueck.de\/?page_id=129"},"modified":"2024-07-12T15:13:18","modified_gmt":"2024-07-12T15:13:18","slug":"anja-taphorn","status":"publish","type":"page","link":"https:\/\/wss-osnabrueck.de\/?page_id=129","title":{"rendered":"Rechtsanw\u00e4ltin und Notarin Anja Taphorn"},"content":{"rendered":"<\/div><\/div><\/div><!-- close content main div --><\/div><\/div><div id='full_slider_1' class='avia-fullwidth-slider main_color avia-shadow   container_wrap fullsize'   ><div  data-size='featured'  data-lightbox_size='large'  data-animation='slide'  data-ids='573'  data-video_counter='0'  data-autoplay='false'  data-bg_slider='false'  data-slide_height=''  data-handle='av_slideshow_full'  data-interval='5'  data-class=' '  data-css_id=''  data-scroll_down=''  data-control_layout='av-control-default'  data-custom_markup=''  data-perma_caption=''  data-autoplay_stopper=''  data-image_attachment=''  data-min_height='0px'  data-src=''  data-position='top left'  data-repeat='no-repeat'  data-attach='scroll'  data-stretch=''  data-default-height='28.666666666667'  class='avia-slideshow avia-slideshow-1  av-control-default av-default-height-applied avia-slideshow-featured av_slideshow_full   avia-slide-slider '  itemprop=\"ImageObject\" itemscope=\"itemscope\" itemtype=\"https:\/\/schema.org\/ImageObject\" ><ul class='avia-slideshow-inner' style='padding-bottom: 28.666666666667%;'><li  class=' av-single-slide slide-1 ' ><div data-rel='slideshow-1' class='avia-slide-wrap'  ><div class = \"caption_fullwidth av-slideshow-caption caption_right caption_right_framed caption_framed\"><div class = \"container caption_container\"><div class = \"slideshow_caption\"><div class = \"slideshow_inner_caption\"><div class = \"slideshow_align_caption\"><h2  class='avia-caption-title '  itemprop=\"name\" >Anja Taphorn<\/h2><div class='avia-caption-content  '  itemprop=\"description\"  ><p>Rechtsanw\u00e4ltin und Notarin<\/p>\n<\/div><\/div><\/div><\/div><\/div><\/div><img src='https:\/\/wss-osnabrueck.de\/wp-content\/uploads\/2018\/05\/taphorn_links_2-1500x430.jpg' width='1500' height='430' title='taphorn_links_2' alt='Rechtsanw\u00e4ltin und Notarin Anja Taphorn'  itemprop=\"thumbnailUrl\"   \/><\/div><\/li><\/ul><\/div><\/div>\n<div class=\"flex_column av_one_full  flex_column_div av-zero-column-padding first  \" style='border-radius:0px; '><section class=\"av_textblock_section \"  itemscope=\"itemscope\" itemtype=\"https:\/\/schema.org\/CreativeWork\" ><div class='avia_textblock  '   itemprop=\"text\" ><p><strong>Rechtsanw\u00e4ltin und Notarin Anja Taphorn<\/strong><\/p>\n<p>Mitglied der Notarkammer in Oldenburg<\/p>\n<ul>\n<li>Mitglied des deutschen Anwaltsvereins<\/li>\n<\/ul>\n<p>Beratung und Vertretung in den Bereichen<\/p>\n<\/div><\/section><\/div>\n<div class='avia-icon-list-container  '><ul class='avia-icon-list avia-icon-list-left av-iconlist-big avia_animate_when_almost_visible'>\n<li><div  class='iconlist_icon  avia-font-entypo-fontello'><span class='iconlist-char ' aria-hidden='true' data-av_icon='\ue851' data-av_iconfont='entypo-fontello'><\/span><\/div><article class=\"article-icon-entry av-iconlist-empty\"  itemscope=\"itemscope\" itemtype=\"https:\/\/schema.org\/CreativeWork\" ><div class='iconlist_content_wrap'><header class=\"entry-content-header\"><h4 class='av_iconlist_title iconlist_title  '  itemprop=\"headline\"  ><a href='https:\/\/wss-osnabrueck.de\/?page_id=205' title='Arbeitsrecht - Betriebsverfassung, Personal, Strukturen'>Arbeitsrecht - Betriebsverfassung, Personal, Strukturen<\/a><\/h4><\/header><div class='iconlist_content  '  itemprop=\"text\"  ><\/div><\/div><footer class=\"entry-footer\"><\/footer><\/article><div class='iconlist-timeline'><\/div><\/li>\n<li><div  class='iconlist_icon  avia-font-entypo-fontello'><span class='iconlist-char ' aria-hidden='true' data-av_icon='\ue823' data-av_iconfont='entypo-fontello'><\/span><\/div><article class=\"article-icon-entry av-iconlist-empty\"  itemscope=\"itemscope\" itemtype=\"https:\/\/schema.org\/CreativeWork\" ><div class='iconlist_content_wrap'><header class=\"entry-content-header\"><h4 class='av_iconlist_title iconlist_title  '  itemprop=\"headline\"  ><a href='https:\/\/wss-osnabrueck.de\/?page_id=205' title='Arbeitsrecht - K\u00fcndigung, Vertragsgestaltung, Beratung'>Arbeitsrecht - K\u00fcndigung, Vertragsgestaltung, Beratung<\/a><\/h4><\/header><div class='iconlist_content  '  itemprop=\"text\"  ><\/div><\/div><footer class=\"entry-footer\"><\/footer><\/article><div class='iconlist-timeline'><\/div><\/li>\n<li><div  class='iconlist_icon  avia-font-entypo-fontello'><span class='iconlist-char ' aria-hidden='true' data-av_icon='\ue863' data-av_iconfont='entypo-fontello'><\/span><\/div><article class=\"article-icon-entry av-iconlist-empty\"  itemscope=\"itemscope\" itemtype=\"https:\/\/schema.org\/CreativeWork\" ><div class='iconlist_content_wrap'><header class=\"entry-content-header\"><h4 class='av_iconlist_title iconlist_title  '  itemprop=\"headline\"  ><a href='https:\/\/wss-osnabrueck.de\/?page_id=161' title='Erbrecht - Testament, Vorsorge, Auseinandersetzung'>Erbrecht - Testament, Vorsorge, Auseinandersetzung<\/a><\/h4><\/header><div class='iconlist_content  '  itemprop=\"text\"  ><\/div><\/div><footer class=\"entry-footer\"><\/footer><\/article><div class='iconlist-timeline'><\/div><\/li>\n<li><a href='https:\/\/wss-osnabrueck.de\/?page_id=161' title='Familienrecht - Scheidung, Unterhalt, Ehevertrag, Auseinandersetzung'   class='iconlist_icon  avia-font-entypo-fontello'><span class='iconlist-char ' aria-hidden='true' data-av_icon='\ue822' data-av_iconfont='entypo-fontello'><\/span><\/a><article class=\"article-icon-entry av-iconlist-empty\"  itemscope=\"itemscope\" itemtype=\"https:\/\/schema.org\/CreativeWork\" ><div class='iconlist_content_wrap'><header class=\"entry-content-header\"><h4 class='av_iconlist_title iconlist_title  '  itemprop=\"headline\"  ><a href='https:\/\/wss-osnabrueck.de\/?page_id=161' title='Familienrecht - Scheidung, Unterhalt, Ehevertrag, Auseinandersetzung'>Familienrecht - Scheidung, Unterhalt, Ehevertrag, Auseinandersetzung<\/a><\/h4><\/header><div class='iconlist_content  '  itemprop=\"text\"  ><\/div><\/div><footer class=\"entry-footer\"><\/footer><\/article><div class='iconlist-timeline'><\/div><\/li>\n<li><div  class='iconlist_icon  avia-font-entypo-fontello'><span class='iconlist-char ' aria-hidden='true' data-av_icon='\ue85b' data-av_iconfont='entypo-fontello'><\/span><\/div><article class=\"article-icon-entry av-iconlist-empty\"  itemscope=\"itemscope\" itemtype=\"https:\/\/schema.org\/CreativeWork\" ><div class='iconlist_content_wrap'><header class=\"entry-content-header\"><h4 class='av_iconlist_title iconlist_title  '  itemprop=\"headline\"  ><a href='https:\/\/wss-osnabrueck.de\/?page_id=205' title='Dienst- und Werkrecht - Leistungssoll, Abnahme, M\u00e4ngel'>Dienst- und Werkrecht - Leistungssoll, Abnahme, M\u00e4ngel<\/a><\/h4><\/header><div class='iconlist_content  '  itemprop=\"text\"  ><\/div><\/div><footer class=\"entry-footer\"><\/footer><\/article><div class='iconlist-timeline'><\/div><\/li>\n<li><div  class='iconlist_icon  avia-font-entypo-fontello'><span class='iconlist-char ' aria-hidden='true' data-av_icon='\ue821' data-av_iconfont='entypo-fontello'><\/span><\/div><article class=\"article-icon-entry av-iconlist-empty\"  itemscope=\"itemscope\" itemtype=\"https:\/\/schema.org\/CreativeWork\" ><div class='iconlist_content_wrap'><header class=\"entry-content-header\"><h4 class='av_iconlist_title iconlist_title  '  itemprop=\"headline\"  ><a href='https:\/\/wss-osnabrueck.de\/?page_id=17' title='Mietrecht - Vertr\u00e4ge, Nebenkostenabrechnungen, M\u00e4ngel, Minderung, K\u00fcndigung'>Mietrecht - Vertr\u00e4ge, Nebenkostenabrechnungen, M\u00e4ngel, Minderung, K\u00fcndigung<\/a><\/h4><\/header><div class='iconlist_content  '  itemprop=\"text\"  ><\/div><\/div><footer class=\"entry-footer\"><\/footer><\/article><div class='iconlist-timeline'><\/div><\/li>\n<\/ul><\/div>\n<\/div><\/div><\/div><!-- close content main div --><\/div><\/div><div id='av_section_1' class='avia-section main_color avia-section-default avia-no-shadow avia-bg-style-scroll   container_wrap fullsize'   ><div class='container' ><div class='template-page content  av-content-full alpha units'><div class='post-entry post-entry-type-page post-entry-129'><div class='entry-content-wrapper clearfix'>\n<div class=\"flex_column av_one_half  flex_column_div av-zero-column-padding first  \" style='border-radius:0px; '><div id='av_gmap_1' class='avia-google-map-container ' data-mapid='1' style='height: 400px;'><\/div><\/div><div class=\"flex_column av_one_half  flex_column_div av-zero-column-padding   \" style='border-radius:0px; '><section class=\"av_textblock_section \"  itemscope=\"itemscope\" itemtype=\"https:\/\/schema.org\/CreativeWork\" ><div class='avia_textblock  '   itemprop=\"text\" ><h3 style=\"text-align: center;\"><strong>Erreichbar in Osnabr\u00fcck:<\/strong><\/h3>\n<p style=\"text-align: center;\"><strong>Anja Taphorn<\/strong><br \/>\n<strong>Welp | Schimm\u00f6ller | Strau\u00df<\/strong><\/p>\n<p style=\"text-align: center;\">Schlo\u00dfstra\u00dfe 26<br \/>\n49074 Osnabr\u00fcck<br \/>\nTel.: 0541-9986890<br \/>\nFax: 0541-99868929<br \/>\ntaphorn@wss-osnabrueck.de<\/p>\n<\/div><\/section><\/div>\n","protected":false},"excerpt":{"rendered":"","protected":false},"author":2,"featured_media":0,"parent":117,"menu_order":0,"comment_status":"closed","ping_status":"closed","template":"","meta":{"footnotes":""},"class_list":["post-129","page","type-page","status-publish","hentry"],"_links":{"self":[{"href":"https:\/\/wss-osnabrueck.de\/index.php?rest_route=\/wp\/v2\/pages\/129","targetHints":{"allow":["GET"]}}],"collection":[{"href":"https:\/\/wss-osnabrueck.de\/index.php?rest_route=\/wp\/v2\/pages"}],"about":[{"href":"https:\/\/wss-osnabrueck.de\/index.php?rest_route=\/wp\/v2\/types\/page"}],"author":[{"embeddable":true,"href":"https:\/\/wss-osnabrueck.de\/index.php?rest_route=\/wp\/v2\/users\/2"}],"replies":[{"embeddable":true,"href":"https:\/\/wss-osnabrueck.de\/index.php?rest_route=%2Fwp%2Fv2%2Fcomments&post=129"}],"version-history":[{"count":14,"href":"https:\/\/wss-osnabrueck.de\/index.php?rest_route=\/wp\/v2\/pages\/129\/revisions"}],"predecessor-version":[{"id":1808,"href":"https:\/\/wss-osnabrueck.de\/index.php?rest_route=\/wp\/v2\/pages\/129\/revisions\/1808"}],"up":[{"embeddable":true,"href":"https:\/\/wss-osnabrueck.de\/index.php?rest_route=\/wp\/v2\/pages\/117"}],"wp:attachment":[{"href":"https:\/\/wss-osnabrueck.de\/index.php?rest_route=%2Fwp%2Fv2%2Fmedia&parent=129"}],"curies":[{"name":"wp","href":"https:\/\/api.w.org\/{rel}","templated":true}]}}