
{"id":126,"date":"2018-04-17T10:16:50","date_gmt":"2018-04-17T10:16:50","guid":{"rendered":"https:\/\/wss-osnabrueck.de\/?page_id=126"},"modified":"2024-07-12T15:11:33","modified_gmt":"2024-07-12T15:11:33","slug":"matthias-strauss","status":"publish","type":"page","link":"https:\/\/wss-osnabrueck.de\/?page_id=126","title":{"rendered":"Rechtsanwalt Matthias Strau\u00df"},"content":{"rendered":"<\/div><\/div><\/div><!-- close content main div --><\/div><\/div><div id='full_slider_1' class='avia-fullwidth-slider main_color avia-shadow   container_wrap fullsize'   ><div  data-size='featured'  data-lightbox_size='large'  data-animation='slide'  data-ids='1414'  data-video_counter='0'  data-autoplay='false'  data-bg_slider='false'  data-slide_height=''  data-handle='av_slideshow_full'  data-interval='5'  data-class=' '  data-css_id=''  data-scroll_down=''  data-control_layout='av-control-default'  data-custom_markup=''  data-perma_caption=''  data-autoplay_stopper=''  data-image_attachment=''  data-min_height='0px'  data-src=''  data-position='top left'  data-repeat='no-repeat'  data-attach='scroll'  data-stretch=''  data-default-height='28.666666666667'  class='avia-slideshow avia-slideshow-1  av-control-default av-default-height-applied avia-slideshow-featured av_slideshow_full   avia-slide-slider '  itemprop=\"ImageObject\" itemscope=\"itemscope\" itemtype=\"https:\/\/schema.org\/ImageObject\" ><ul class='avia-slideshow-inner' style='padding-bottom: 28.666666666667%;'><li  class=' av-single-slide slide-1 ' ><div data-rel='slideshow-1' class='avia-slide-wrap'  ><div class = \"caption_fullwidth av-slideshow-caption caption_right caption_right_framed caption_framed\"><div class = \"container caption_container\"><div class = \"slideshow_caption\"><div class = \"slideshow_inner_caption\"><div class = \"slideshow_align_caption\"><h2  class='avia-caption-title '  itemprop=\"name\" >Matthias Strau\u00df<\/h2><div class='avia-caption-content  '  itemprop=\"description\"  ><p>Rechtsanwalt<br \/>\nFachanwalt f\u00fcr Verkehrsrecht<\/p>\n<\/div><\/div><\/div><\/div><\/div><\/div><img src='https:\/\/wss-osnabrueck.de\/wp-content\/uploads\/2020\/09\/wss_strauss2-1500x430.jpg' width='1500' height='430' title='wss_strauss2' alt=''  itemprop=\"thumbnailUrl\"   \/><\/div><\/li><\/ul><\/div><\/div>\n<div class=\"flex_column av_one_full  flex_column_div av-zero-column-padding first  \" style='border-radius:0px; '><div class='avia-icon-list-container  '><ul class='avia-icon-list avia-icon-list-left av-iconlist-big avia_animate_when_almost_visible'>\n<li><div  class='iconlist_icon  avia-font-entypo-fontello'><span class='iconlist-char ' aria-hidden='true' data-av_icon='\ue8df' data-av_iconfont='entypo-fontello'><\/span><\/div><article class=\"article-icon-entry av-iconlist-empty\"  itemscope=\"itemscope\" itemtype=\"https:\/\/schema.org\/CreativeWork\" ><div class='iconlist_content_wrap'><header class=\"entry-content-header\"><h4 class='av_iconlist_title iconlist_title  '  itemprop=\"headline\"  ><a href='https:\/\/wss-osnabrueck.de\/?page_id=267' title='Verkehrsrecht - Unfallabwicklung, Schmerzensgeld, Haftpflichtschaden'>Verkehrsrecht - Unfallabwicklung, Schmerzensgeld, Haftpflichtschaden<\/a><\/h4><\/header><div class='iconlist_content  '  itemprop=\"text\"  ><\/div><\/div><footer class=\"entry-footer\"><\/footer><\/article><div class='iconlist-timeline'><\/div><\/li>\n<li><div  class='iconlist_icon  avia-font-entypo-fontello'><span class='iconlist-char ' aria-hidden='true' data-av_icon='\ue8de' data-av_iconfont='entypo-fontello'><\/span><\/div><article class=\"article-icon-entry av-iconlist-empty\"  itemscope=\"itemscope\" itemtype=\"https:\/\/schema.org\/CreativeWork\" ><div class='iconlist_content_wrap'><header class=\"entry-content-header\"><h4 class='av_iconlist_title iconlist_title  '  itemprop=\"headline\"  >Ordnungswidrigkeitenrecht - Unfallflucht, Rotlichtversto\u00df, \u00dcberh\u00f6hte Geschwindigkeit, Trunkenheit am Steuer<\/h4><\/header><div class='iconlist_content  '  itemprop=\"text\"  ><\/div><\/div><footer class=\"entry-footer\"><\/footer><\/article><div class='iconlist-timeline'><\/div><\/li>\n<li><div  class='iconlist_icon  avia-font-entypo-fontello'><span class='iconlist-char ' aria-hidden='true' data-av_icon='\ue841' data-av_iconfont='entypo-fontello'><\/span><\/div><article class=\"article-icon-entry av-iconlist-empty\"  itemscope=\"itemscope\" itemtype=\"https:\/\/schema.org\/CreativeWork\" ><div class='iconlist_content_wrap'><header class=\"entry-content-header\"><h4 class='av_iconlist_title iconlist_title  '  itemprop=\"headline\"  >Versicherungsrecht - Kasko- und Haftpflichtsch\u00e4den, Sachversicherung, Versicherungsschutz<\/h4><\/header><div class='iconlist_content  '  itemprop=\"text\"  ><\/div><\/div><footer class=\"entry-footer\"><\/footer><\/article><div class='iconlist-timeline'><\/div><\/li>\n<li><div  class='iconlist_icon  avia-font-entypo-fontello'><span class='iconlist-char ' aria-hidden='true' data-av_icon='\ue839' data-av_iconfont='entypo-fontello'><\/span><\/div><article class=\"article-icon-entry av-iconlist-empty\"  itemscope=\"itemscope\" itemtype=\"https:\/\/schema.org\/CreativeWork\" ><div class='iconlist_content_wrap'><header class=\"entry-content-header\"><h4 class='av_iconlist_title iconlist_title  '  itemprop=\"headline\"  >Kaufrecht - Fahrzeugan- und -verkauf, M\u00e4ngel, Widerruf, Abgasskandal<\/h4><\/header><div class='iconlist_content  '  itemprop=\"text\"  ><\/div><\/div><footer class=\"entry-footer\"><\/footer><\/article><div class='iconlist-timeline'><\/div><\/li>\n<\/ul><\/div><\/div>\n<\/div><\/div><\/div><!-- close content main div --><\/div><\/div><div id='av_section_1' class='avia-section main_color avia-section-default avia-no-shadow avia-bg-style-scroll   container_wrap fullsize'   ><div class='container' ><div class='template-page content  av-content-full alpha units'><div class='post-entry post-entry-type-page post-entry-126'><div class='entry-content-wrapper clearfix'>\n<div class=\"flex_column av_one_half  flex_column_div av-zero-column-padding first  \" style='border-radius:0px; '><div id='av_gmap_1' class='avia-google-map-container ' data-mapid='1' style='height: 400px;'><\/div><\/div><div class=\"flex_column av_one_half  flex_column_div av-zero-column-padding   \" style='border-radius:0px; '><section class=\"av_textblock_section \"  itemscope=\"itemscope\" itemtype=\"https:\/\/schema.org\/CreativeWork\" ><div class='avia_textblock  '   itemprop=\"text\" ><h3 style=\"text-align: center;\"><strong>Erreichbar in Osnabr\u00fcck:<\/strong><\/h3>\n<p style=\"text-align: center;\"><strong>Matthias Strau\u00df<\/strong><br \/>\n<strong>Welp | Schimm\u00f6ller | Strau\u00df<\/strong><\/p>\n<p style=\"text-align: center;\">Schlo\u00dfstra\u00dfe 26<br \/>\n49074 Osnabr\u00fcck<br \/>\nTel.: 0541-9986890<br \/>\nFax: 0541-99868929<br \/>\nstrauss@wss-osnabrueck.de<\/p>\n<\/div><\/section><\/div><section class=\"av_textblock_section \"  itemscope=\"itemscope\" itemtype=\"https:\/\/schema.org\/CreativeWork\" ><div class='avia_textblock  '   itemprop=\"text\" ><p id=\"unfall-im-strassenverkehr\"><strong>Unfall im Stra\u00dfenverkehr<\/strong><\/p>\n<p>Herr Matthias Strau\u00df wird h\u00e4ufig mandatiert, wenn Sie Teilnehmer eines\u00a0<strong> Unfalles im waren.<\/strong> Hierzu z\u00e4hlen nicht blo\u00df Unf\u00e4lle mit dem eigenen PKW wie ein Wildunfall, ein Parkunfall oder ein Auffahrunfall.<\/p>\n<p>Auch als Fu\u00dfg\u00e4nger kann man in einen Autounfall, Fahrradunfall oder in einen Kraftradunfall involviert sein. Die Unfallabwicklung wird in solchen F\u00e4llen dem Fachanwalt \u00fcbergeben, der die Anspr\u00fcche durchsetzt und die Kommunikation \u00fcbernimmt.<\/p>\n<p id=\"nach-einem-unfall-hierauf-achten\">Dabei sind folgende Themen schnell zu kl\u00e4ren:<\/p>\n<ul>\n<li>Ein Gutachter muss unverz\u00fcglich beauftragt werden. Wie ist der Schaden beim eigenen Auto zu bewerten?<\/li>\n<li>Ist der Unfallgegner nicht, unvollst\u00e4ndig oder vollumf\u00e4nglich versichert? Wie lauten die Versicherungsdaten?<\/li>\n<li>Liegt nur eine Minderung des Wertes vor oder ist es gar ein Totalschaden? Wer \u00fcbernimmt etwaige Abschleppkosten?<\/li>\n<li>Sind Menschen verletzt worden oder gar gestorben?<\/li>\n<li>Muss Schmerzensgeld gezahlt werden z.B. aufgrund von Knochenbr\u00fcchen?<\/li>\n<\/ul>\n<div class=\"box-gelb\"><\/div>\n<p id=\"verkehrsordnungswidrigkeiten\"><strong>Verkehrsordnungswidrigkeiten<\/strong><\/p>\n<p><span class=\"image\">Rechtliche Probleme bekommen aber auch Verkehrss\u00fcnder. Herr Matthias Strau\u00df kann als Fachanwalt f\u00fcr Verkehrsrecht auch hier helfen.<br \/>\n<\/span><\/p>\n<p>Die meisten minder schweren Delikte im Stra\u00dfenverkehr werden als Ordnungswidrigkeit eingestuft und sind mit einem Bu\u00dfgeld belegt.<\/p>\n<p>Handelt es sich um eine \u00dcberschreitung der H\u00f6chstgeschwindigkeit, dann bekommt man f\u00fcr dieses Vergehen zumeist erst eine Anh\u00f6rung, anschlie\u00dfend einen Bu\u00dfgeldbescheid. Die H\u00f6he der Geschwindigkeits\u00fcberschreitung bestimmt, ob neben dem Bu\u00dfgeld weitere Strafma\u00dfnahmen auferlegt werden.<\/p>\n<p>Wurde die Geschwindigkeit in einem gr\u00f6\u00dferen Rahmen \u00fcberschritten, kommen zum Bu\u00dfgeld noch Punkte im Verkehrszentralregister hinzu. Ist man noch in der Probezeit F\u00fchrerschein, dann k\u00f6nnen die Konsequenzen deutlich schwerwiegender ausfallen bis hin zu einem Entzug der Fahrerlaubnis.<\/p>\n<p>Auch <strong>Alkohol oder Drogen am Steuer<\/strong> hat empfindliche Strafen zur Konsequenz. Wie hoch bei einer Fahrunt\u00fcchtigkeit eine Geldstrafe ausf\u00e4llt und wie viele Punkte drohen, h\u00e4ngt von der Blutalkoholkonzentration, sprich der Promilleh\u00f6he ab. Neben Punkten und einem Bu\u00dfgeld kann es bei Alkohol am Steuer auch zum F\u00fchrerscheinentzug oder zu einem Fahrverbot kommen. Auch die Anordnung einer Medizinisch-Psychologischen Untersuchung liegt im Bereich des M\u00f6glichen.<\/p>\n<p id=\"fachanwalt-fuer-verkehrsrecht-einschalten\"><strong>Fachanwalt Matthias Strau\u00df einschalten<\/strong><\/p>\n<p>F\u00e4lle, in denen es ohne Zweifel eine sehr gute Entscheidung ist, umgehend einen Fachanwalt im Verkehrsrecht zu mandatieren, sind z.B.<\/p>\n<p>eine Anklage wegen fahrl\u00e4ssiger T\u00f6tung,<\/p>\n<ul>\n<li>Fahrerflucht oder der<\/li>\n<li>Vorwurf einer unterlassenen Hilfeleistung.<\/li>\n<\/ul>\n<p>Matthias Strau\u00df wird als Verkehrsanwalt wird seinen Mandanten nicht nur informieren, sondern auch die gerichtliche Vertretung \u00fcbernehmen. Er erf\u00fcgt nicht nur in der Theorie \u00fcber ein <strong>\u00fcberdurchschnittliches Fachwissen<\/strong> im Verkehrsrecht.\u00a0 Er kann auch mit einem sehr gro\u00dfen <strong>praktischen Erfahrungsschatz <\/strong>aufwarten. Davon wird der Mandant profitieren.<\/p>\n<\/div><\/section><\/p>\n","protected":false},"excerpt":{"rendered":"","protected":false},"author":2,"featured_media":0,"parent":117,"menu_order":0,"comment_status":"closed","ping_status":"closed","template":"","meta":{"footnotes":""},"class_list":["post-126","page","type-page","status-publish","hentry"],"_links":{"self":[{"href":"https:\/\/wss-osnabrueck.de\/index.php?rest_route=\/wp\/v2\/pages\/126","targetHints":{"allow":["GET"]}}],"collection":[{"href":"https:\/\/wss-osnabrueck.de\/index.php?rest_route=\/wp\/v2\/pages"}],"about":[{"href":"https:\/\/wss-osnabrueck.de\/index.php?rest_route=\/wp\/v2\/types\/page"}],"author":[{"embeddable":true,"href":"https:\/\/wss-osnabrueck.de\/index.php?rest_route=\/wp\/v2\/users\/2"}],"replies":[{"embeddable":true,"href":"https:\/\/wss-osnabrueck.de\/index.php?rest_route=%2Fwp%2Fv2%2Fcomments&post=126"}],"version-history":[{"count":14,"href":"https:\/\/wss-osnabrueck.de\/index.php?rest_route=\/wp\/v2\/pages\/126\/revisions"}],"predecessor-version":[{"id":1804,"href":"https:\/\/wss-osnabrueck.de\/index.php?rest_route=\/wp\/v2\/pages\/126\/revisions\/1804"}],"up":[{"embeddable":true,"href":"https:\/\/wss-osnabrueck.de\/index.php?rest_route=\/wp\/v2\/pages\/117"}],"wp:attachment":[{"href":"https:\/\/wss-osnabrueck.de\/index.php?rest_route=%2Fwp%2Fv2%2Fmedia&parent=126"}],"curies":[{"name":"wp","href":"https:\/\/api.w.org\/{rel}","templated":true}]}}