
{"id":120,"date":"2018-04-17T10:16:24","date_gmt":"2018-04-17T10:16:24","guid":{"rendered":"https:\/\/wss-osnabrueck.de\/?page_id=120"},"modified":"2024-07-12T15:09:39","modified_gmt":"2024-07-12T15:09:39","slug":"hans-adolf-welp","status":"publish","type":"page","link":"https:\/\/wss-osnabrueck.de\/?page_id=120","title":{"rendered":"Rechtsanwalt Hans-Adolf Welp"},"content":{"rendered":"<\/div><\/div><\/div><!-- close content main div --><\/div><\/div><div id='full_slider_1' class='avia-fullwidth-slider main_color avia-shadow   container_wrap fullsize'   ><div  data-size='featured'  data-lightbox_size='large'  data-animation='slide'  data-ids='575'  data-video_counter='0'  data-autoplay='false'  data-bg_slider='false'  data-slide_height=''  data-handle='av_slideshow_full'  data-interval='5'  data-class=' '  data-css_id=''  data-scroll_down=''  data-control_layout='av-control-default'  data-custom_markup=''  data-perma_caption=''  data-autoplay_stopper=''  data-image_attachment=''  data-min_height='0px'  data-src=''  data-position='top left'  data-repeat='no-repeat'  data-attach='scroll'  data-stretch=''  data-default-height='28.666666666667'  class='avia-slideshow avia-slideshow-1  av-control-default av-default-height-applied avia-slideshow-featured av_slideshow_full   avia-slide-slider '  itemprop=\"ImageObject\" itemscope=\"itemscope\" itemtype=\"https:\/\/schema.org\/ImageObject\" ><ul class='avia-slideshow-inner' style='padding-bottom: 28.666666666667%;'><li  class=' av-single-slide slide-1 ' ><div data-rel='slideshow-1' class='avia-slide-wrap'  ><div class = \"caption_fullwidth av-slideshow-caption caption_right caption_right_framed caption_framed\"><div class = \"container caption_container\"><div class = \"slideshow_caption\"><div class = \"slideshow_inner_caption\"><div class = \"slideshow_align_caption\"><h2  class='avia-caption-title '  itemprop=\"name\" >Hans-Adolf Welp<\/h2><div class='avia-caption-content  '  itemprop=\"description\"  ><p>Rechtsanwalt und Notar a.D.<br \/>\nOf Counsel<\/p>\n<\/div><\/div><\/div><\/div><\/div><\/div><img src='https:\/\/wss-osnabrueck.de\/wp-content\/uploads\/2018\/05\/welp_links-1500x430.jpg' width='1500' height='430' title='welp_links' alt='Rechtsanwalt und Notar Hans-Adolf Welp'  itemprop=\"thumbnailUrl\"   \/><\/div><\/li><\/ul><\/div><\/div>\n<div class=\"flex_column av_one_full  flex_column_div av-zero-column-padding first  \" style='border-radius:0px; '><p><section class=\"av_textblock_section \"  itemscope=\"itemscope\" itemtype=\"https:\/\/schema.org\/CreativeWork\" ><div class='avia_textblock  '   itemprop=\"text\" ><p>Rechtsanwalt seit 1979, Notar von 1995 bis 2020.<\/p>\n<p>Herr Welp ist zum 31.08.2020 aus der Soziet\u00e4t ausgeschieden, steht ihr jedoch weiterhin mit seiner gro\u00dfen Erfahrung und juristischen Expertise beratend zur Seite.<\/p>\n<p>F\u00fcr Sie t\u00e4tig\u00a0insbesondere\u00a0in den Rechtsgebieten:<\/p>\n<\/div><\/section><br \/>\n<div class='avia-icon-list-container  '><ul class='avia-icon-list avia-icon-list-left av-iconlist-big avia_animate_when_almost_visible'>\n<li><div  class='iconlist_icon  avia-font-entypo-fontello'><span class='iconlist-char ' aria-hidden='true' data-av_icon='\ue823' data-av_iconfont='entypo-fontello'><\/span><\/div><article class=\"article-icon-entry av-iconlist-empty\"  itemscope=\"itemscope\" itemtype=\"https:\/\/schema.org\/CreativeWork\" ><div class='iconlist_content_wrap'><header class=\"entry-content-header\"><h4 class='av_iconlist_title iconlist_title  '  itemprop=\"headline\"  ><a href='https:\/\/wss-osnabrueck.de\/?page_id=205' title='Arbeitsrecht - K\u00fcndigung, Vertragsgestaltung, Beratung'>Arbeitsrecht - K\u00fcndigung, Vertragsgestaltung, Beratung<\/a><\/h4><\/header><div class='iconlist_content  '  itemprop=\"text\"  ><\/div><\/div><footer class=\"entry-footer\"><\/footer><\/article><div class='iconlist-timeline'><\/div><\/li>\n<li><div  class='iconlist_icon  avia-font-entypo-fontello'><span class='iconlist-char ' aria-hidden='true' data-av_icon='\ue863' data-av_iconfont='entypo-fontello'><\/span><\/div><article class=\"article-icon-entry av-iconlist-empty\"  itemscope=\"itemscope\" itemtype=\"https:\/\/schema.org\/CreativeWork\" ><div class='iconlist_content_wrap'><header class=\"entry-content-header\"><h4 class='av_iconlist_title iconlist_title  '  itemprop=\"headline\"  ><a href='https:\/\/wss-osnabrueck.de\/?page_id=161' title='Erbrecht - Testament, Vorsorge, Auseinandersetzung'>Erbrecht - Testament, Vorsorge, Auseinandersetzung<\/a><\/h4><\/header><div class='iconlist_content  '  itemprop=\"text\"  ><\/div><\/div><footer class=\"entry-footer\"><\/footer><\/article><div class='iconlist-timeline'><\/div><\/li>\n<li><div  class='iconlist_icon  avia-font-entypo-fontello'><span class='iconlist-char ' aria-hidden='true' data-av_icon='\ue8c4' data-av_iconfont='entypo-fontello'><\/span><\/div><article class=\"article-icon-entry av-iconlist-empty\"  itemscope=\"itemscope\" itemtype=\"https:\/\/schema.org\/CreativeWork\" ><div class='iconlist_content_wrap'><header class=\"entry-content-header\"><h4 class='av_iconlist_title iconlist_title  '  itemprop=\"headline\"  ><a href='https:\/\/wss-osnabrueck.de\/?page_id=244' title='Gesellschaftsrecht - Gr\u00fcndung, Umstrukturierung, Haftung und Gesch\u00e4ftsf\u00fchrung'>Gesellschaftsrecht - Gr\u00fcndung, Umstrukturierung, Haftung und Gesch\u00e4ftsf\u00fchrung<\/a><\/h4><\/header><div class='iconlist_content  '  itemprop=\"text\"  ><\/div><\/div><footer class=\"entry-footer\"><\/footer><\/article><div class='iconlist-timeline'><\/div><\/li>\n<li><div  class='iconlist_icon  avia-font-entypo-fontello'><span class='iconlist-char ' aria-hidden='true' data-av_icon='\ue821' data-av_iconfont='entypo-fontello'><\/span><\/div><article class=\"article-icon-entry av-iconlist-empty\"  itemscope=\"itemscope\" itemtype=\"https:\/\/schema.org\/CreativeWork\" ><div class='iconlist_content_wrap'><header class=\"entry-content-header\"><h4 class='av_iconlist_title iconlist_title  '  itemprop=\"headline\"  ><a href='https:\/\/wss-osnabrueck.de\/?page_id=241' title='Immobilienrecht - Kauf, Schenkung, M\u00e4ngel, Belastung'>Immobilienrecht - Kauf, Schenkung, M\u00e4ngel, Belastung<\/a><\/h4><\/header><div class='iconlist_content  '  itemprop=\"text\"  ><\/div><\/div><footer class=\"entry-footer\"><\/footer><\/article><div class='iconlist-timeline'><\/div><\/li>\n<\/ul><\/div><br \/>\n<section class=\"av_textblock_section \"  itemscope=\"itemscope\" itemtype=\"https:\/\/schema.org\/CreativeWork\" ><div class='avia_textblock  '   itemprop=\"text\" ><p>Meine jahrelangen und besonderen Kenntnisse im Arbeitsrecht und in arbeitsgerichtlichen Verfahren stelle ich Ihnen gerne zur Verf\u00fcgung.<\/p>\n<p>Ich berate und betreue\u00a0<strong>sowohl Arbeitnehmer wie auch Arbeitgeber<\/strong>\u00a0bei allen Problemen und Fragen in Bezug auf das Arbeitsverh\u00e4ltnis, zum Beispiel bei:<\/p>\n<ul>\n<li>Beratung, Ausgestaltung und Verhandlung von Arbeitsvertr\u00e4gen<\/li>\n<li>K\u00fcndigung und K\u00fcndigungsschutzklagen<\/li>\n<li>Abmahnung<\/li>\n<li>Arbeitszeugnis<\/li>\n<li>Lohnanspr\u00fcchen<\/li>\n<li>Abfindungen<\/li>\n<li>Aufhebungsvertr\u00e4gen<\/li>\n<li>Teilzeit- und Altersteilzeit<\/li>\n<li>Betriebsvereinbarungen<\/li>\n<\/ul>\n<p>Ich setze Ihre Interessen sowohl au\u00dfergerichtlich wie auch in arbeitsgerichtlichen Verfahren effizient und kompetent durch.<\/p>\n<p>Sofern Sie rechtschutzversichert sind, werde ich mit Ihrer Rechtsschutzversicherung die Kosten\u00fcbernahme abkl\u00e4ren.<\/p>\n<\/div><\/section><\/p><\/div>\n<\/div><\/div><\/div><!-- close content main div --><\/div><\/div><div id='av_section_1' class='avia-section main_color avia-section-default avia-no-shadow avia-bg-style-scroll   container_wrap fullsize'   ><div class='container' ><div class='template-page content  av-content-full alpha units'><div class='post-entry post-entry-type-page post-entry-120'><div class='entry-content-wrapper clearfix'>\n<div class=\"flex_column av_one_half  flex_column_div av-zero-column-padding first  \" style='border-radius:0px; '><div id='av_gmap_1' class='avia-google-map-container ' data-mapid='1' style='height: 400px;'><\/div><\/div><div class=\"flex_column av_one_half  flex_column_div av-zero-column-padding   \" style='border-radius:0px; '><section class=\"av_textblock_section \"  itemscope=\"itemscope\" itemtype=\"https:\/\/schema.org\/CreativeWork\" ><div class='avia_textblock  '   itemprop=\"text\" ><h3 style=\"text-align: center;\"><strong>Erreichbar in Osnabr\u00fcck:<\/strong><\/h3>\n<p style=\"text-align: center;\"><strong>Hans-Adolf Welp<\/strong><br \/>\n<strong>Welp | Schimm\u00f6ller | Strau\u00df<\/strong><\/p>\n<p style=\"text-align: center;\">Schlo\u00dfstra\u00dfe 26<br \/>\n49074 Osnabr\u00fcck<br \/>\nTel.: 0541-9986890<br \/>\nFax: 0541-99868929<br \/>\nwelp@wss-osnabrueck.de<\/p>\n<\/div><\/section><\/div>\n","protected":false},"excerpt":{"rendered":"","protected":false},"author":2,"featured_media":0,"parent":117,"menu_order":0,"comment_status":"closed","ping_status":"closed","template":"","meta":{"footnotes":""},"class_list":["post-120","page","type-page","status-publish","hentry"],"_links":{"self":[{"href":"https:\/\/wss-osnabrueck.de\/index.php?rest_route=\/wp\/v2\/pages\/120","targetHints":{"allow":["GET"]}}],"collection":[{"href":"https:\/\/wss-osnabrueck.de\/index.php?rest_route=\/wp\/v2\/pages"}],"about":[{"href":"https:\/\/wss-osnabrueck.de\/index.php?rest_route=\/wp\/v2\/types\/page"}],"author":[{"embeddable":true,"href":"https:\/\/wss-osnabrueck.de\/index.php?rest_route=\/wp\/v2\/users\/2"}],"replies":[{"embeddable":true,"href":"https:\/\/wss-osnabrueck.de\/index.php?rest_route=%2Fwp%2Fv2%2Fcomments&post=120"}],"version-history":[{"count":23,"href":"https:\/\/wss-osnabrueck.de\/index.php?rest_route=\/wp\/v2\/pages\/120\/revisions"}],"predecessor-version":[{"id":1802,"href":"https:\/\/wss-osnabrueck.de\/index.php?rest_route=\/wp\/v2\/pages\/120\/revisions\/1802"}],"up":[{"embeddable":true,"href":"https:\/\/wss-osnabrueck.de\/index.php?rest_route=\/wp\/v2\/pages\/117"}],"wp:attachment":[{"href":"https:\/\/wss-osnabrueck.de\/index.php?rest_route=%2Fwp%2Fv2%2Fmedia&parent=120"}],"curies":[{"name":"wp","href":"https:\/\/api.w.org\/{rel}","templated":true}]}}